{"id":17291,"date":"2024-05-04T13:21:00","date_gmt":"2024-05-04T11:21:00","guid":{"rendered":"https:\/tienda\/falda-veigela\/"},"modified":"2024-06-12T16:43:52","modified_gmt":"2024-06-12T14:43:52","slug":"faldilla-veigela","status":"publish","type":"product","link":"https:\/\/lancorett.com\/ca\/botiga\/faldilla-veigela\/","title":{"rendered":"Faldilla Veigela"},"content":{"rendered":"<p>Faldilla negra semi ajustada. Incorpora una cintura alta que afavoreix l&#8217;adaptaci\u00f3 a la silueta de la dona. Elaborada amb material t\u00e8cnic el\u00e0stic que contribueix a millorar la capacitat de moviment de l&#8217;atleta. La pe\u00e7a incorpora un culot interior que permet oferir una sensaci\u00f3 d&#8217;adher\u00e8ncia i ajustament, donant aix\u00ed confian\u00e7a en practicar p\u00e0del i tennis.<\/p>\n<p>Totes les peces que oferim estan dissenyades i elaborades per oferir la m\u00e0xima comoditat, mobilitat i qualitat en les activitats esportives. Per aquesta ra\u00f3, treballem amb un teixit que destaca per la seva alta elasticitat, transpirabilitat, capacitat d&#8217;assecat r\u00e0pid i adaptabilitat a la silueta femenina.<\/p>\n<p>La faldilla Veigela est\u00e0 composta per 80% poliamida i 20% elastans.<\/p>\n","protected":false},"excerpt":{"rendered":"<p><span style=\"font-weight: 400;\">\u00a0<\/span><\/p>\n","protected":false},"featured_media":16796,"template":"","meta":[],"product_brand":[],"product_cat":[84,95,62],"product_tag":[],"class_list":{"0":"post-17291","1":"product","2":"type-product","3":"status-publish","4":"has-post-thumbnail","6":"product_cat-col-leccio-alida","7":"product_cat-col-leccions","8":"product_cat-faldilla-padel-dona","10":"first","11":"instock","12":"taxable","13":"shipping-taxable","14":"purchasable","15":"product-type-variable"},"_links":{"self":[{"href":"https:\/\/lancorett.com\/ca\/wp-json\/wp\/v2\/product\/17291","targetHints":{"allow":["GET"]}}],"collection":[{"href":"https:\/\/lancorett.com\/ca\/wp-json\/wp\/v2\/product"}],"about":[{"href":"https:\/\/lancorett.com\/ca\/wp-json\/wp\/v2\/types\/product"}],"wp:featuredmedia":[{"embeddable":true,"href":"https:\/\/lancorett.com\/ca\/wp-json\/wp\/v2\/media\/16796"}],"wp:attachment":[{"href":"https:\/\/lancorett.com\/ca\/wp-json\/wp\/v2\/media?parent=17291"}],"wp:term":[{"taxonomy":"product_brand","embeddable":true,"href":"https:\/\/lancorett.com\/ca\/wp-json\/wp\/v2\/product_brand?post=17291"},{"taxonomy":"product_cat","embeddable":true,"href":"https:\/\/lancorett.com\/ca\/wp-json\/wp\/v2\/product_cat?post=17291"},{"taxonomy":"product_tag","embeddable":true,"href":"https:\/\/lancorett.com\/ca\/wp-json\/wp\/v2\/product_tag?post=17291"}],"curies":[{"name":"wp","href":"https:\/\/api.w.org\/{rel}","templated":true}]}}