{"id":17149,"date":"2024-05-04T13:21:00","date_gmt":"2024-05-04T11:21:00","guid":{"rendered":"https:\/tienda\/camiseta-de-tirantes-silene\/"},"modified":"2025-08-17T07:53:36","modified_gmt":"2025-08-17T05:53:36","slug":"samarreta-de-tirants-silene","status":"publish","type":"product","link":"https:\/\/lancorett.com\/ca\/botiga\/samarreta-tirants-silene\/","title":{"rendered":"Samarreta Tirants Silene"},"content":{"rendered":"<p>Samarreta de tirants de p\u00e0del i tennis ideal per tota dona apassionada de la moda. Combina les tonalitats rosa p\u00e0l\u00b7lid, blanc i negre ban\u00fas. A m\u00e9s, incorpora un disseny cl\u00e0ssic entallat amb elements geom\u00e8trics que exalcen la silueta i dinamitzen la pe\u00e7a. Consta d&#8217;un escot rod\u00f3 de doble teixit que afavoreix a la subjecci\u00f3 i una esquena oberta, proporcionant aix\u00ed una sensaci\u00f3 de m\u00e0xima llibertat.<\/p>\n<p>Totes les peces que oferim estan dissenyades i elaborades per oferir la m\u00e0xima comoditat, mobilitat i qualitat en les activitats esportives. Per aquesta ra\u00f3, treballem amb un teixit que destaca per la seva alta elasticitat, transpirabilitat, capacitat d&#8217;assecat r\u00e0pid i adaptabilitat a la silueta femenina.<\/p>\n<p>La samarreta de tirants est\u00e0 composta per 80% poliamida i 20% elastans.<\/p>\n","protected":false},"excerpt":{"rendered":"<p>Samarreta de tirants de p\u00e0del i tennis ideal per tota dona apassionada de la moda. Combina les tonalitats rosa p\u00e0l\u00b7lid, blanc i negre ban\u00fas. A m\u00e9s, incorpora un disseny cl\u00e0ssic entallat amb elements geom\u00e8trics que exalcen la silueta i dinamitzen la pe\u00e7a. Consta d&#8217;un escot rod\u00f3 de doble teixit que afavoreix a la subjecci\u00f3 i [&hellip;]<\/p>\n","protected":false},"featured_media":16788,"template":"","meta":[],"product_brand":[],"product_cat":[84,95,75,90],"product_tag":[],"class_list":{"0":"post-17149","1":"product","2":"type-product","3":"status-publish","4":"has-post-thumbnail","6":"product_cat-col-leccio-alida","7":"product_cat-col-leccions","8":"product_cat-samarreta-de-tirants","9":"product_cat-samarreta-sense-manigues","11":"first","12":"instock","13":"taxable","14":"shipping-taxable","15":"purchasable","16":"product-type-variable"},"_links":{"self":[{"href":"https:\/\/lancorett.com\/ca\/wp-json\/wp\/v2\/product\/17149","targetHints":{"allow":["GET"]}}],"collection":[{"href":"https:\/\/lancorett.com\/ca\/wp-json\/wp\/v2\/product"}],"about":[{"href":"https:\/\/lancorett.com\/ca\/wp-json\/wp\/v2\/types\/product"}],"wp:featuredmedia":[{"embeddable":true,"href":"https:\/\/lancorett.com\/ca\/wp-json\/wp\/v2\/media\/16788"}],"wp:attachment":[{"href":"https:\/\/lancorett.com\/ca\/wp-json\/wp\/v2\/media?parent=17149"}],"wp:term":[{"taxonomy":"product_brand","embeddable":true,"href":"https:\/\/lancorett.com\/ca\/wp-json\/wp\/v2\/product_brand?post=17149"},{"taxonomy":"product_cat","embeddable":true,"href":"https:\/\/lancorett.com\/ca\/wp-json\/wp\/v2\/product_cat?post=17149"},{"taxonomy":"product_tag","embeddable":true,"href":"https:\/\/lancorett.com\/ca\/wp-json\/wp\/v2\/product_tag?post=17149"}],"curies":[{"name":"wp","href":"https:\/\/api.w.org\/{rel}","templated":true}]}}