{"id":17139,"date":"2024-05-04T13:21:00","date_gmt":"2024-05-04T11:21:00","guid":{"rendered":"https:\/tienda\/camiseta-sin-mangas-dalias\/"},"modified":"2024-06-12T16:41:01","modified_gmt":"2024-06-12T14:41:01","slug":"samarreta-sense-manigues-dalias","status":"publish","type":"product","link":"https:\/\/lancorett.com\/ca\/botiga\/samarreta-sense-manigues-dalias\/","title":{"rendered":"Samarreta Sense M\u00e0nigues Dalias"},"content":{"rendered":"<p>Samarreta de p\u00e0del i tennis rosa p\u00e0l\u00b7lid i negre ban\u00fas. Consta d&#8217;un disseny innovador que integra tirants amples i un coll tancat en una pe\u00e7a d&#8217;esport que transmet eleg\u00e0ncia i autoritat. La samarreta afavoreix l&#8217;encaix al cos amb un perfil semi ajustat, com a resultat proporciona la m\u00e0xima soltesa i autonomia de moviment a la dona.<\/p>\n<p>Totes les peces que oferim estan dissenyades i elaborades per oferir la m\u00e0xima comoditat, mobilitat i qualitat en les activitats esportives. Per aquesta ra\u00f3, treballem amb un teixit que destaca per la seva elasticitat, transpirabilitat, capacitat d&#8217;assecat r\u00e0pid i adaptabilitat a la silueta femenina.<\/p>\n<p>La samarreta sense m\u00e0nigues Dalias est\u00e0 composta per 80% poliamida i 20% elastans.<\/p>\n","protected":false},"excerpt":{"rendered":"<p>Samarreta de p\u00e0del i tennis rosa p\u00e0l\u00b7lid i negre ban\u00fas. Consta d&#8217;un disseny innovador que integra tirants amples i un coll tancat en una pe\u00e7a d&#8217;esport que transmet eleg\u00e0ncia i autoritat. La samarreta afavoreix l&#8217;encaix al cos amb un perfil semi ajustat, com a resultat proporciona la m\u00e0xima soltesa i autonomia de moviment a la [&hellip;]<\/p>\n","protected":false},"featured_media":16776,"template":"","meta":[],"product_brand":[],"product_cat":[84,95,75,90],"product_tag":[],"class_list":{"0":"post-17139","1":"product","2":"type-product","3":"status-publish","4":"has-post-thumbnail","6":"product_cat-col-leccio-alida","7":"product_cat-col-leccions","8":"product_cat-samarreta-de-tirants","9":"product_cat-samarreta-sense-manigues","11":"first","12":"instock","13":"taxable","14":"shipping-taxable","15":"purchasable","16":"product-type-variable"},"_links":{"self":[{"href":"https:\/\/lancorett.com\/ca\/wp-json\/wp\/v2\/product\/17139","targetHints":{"allow":["GET"]}}],"collection":[{"href":"https:\/\/lancorett.com\/ca\/wp-json\/wp\/v2\/product"}],"about":[{"href":"https:\/\/lancorett.com\/ca\/wp-json\/wp\/v2\/types\/product"}],"wp:featuredmedia":[{"embeddable":true,"href":"https:\/\/lancorett.com\/ca\/wp-json\/wp\/v2\/media\/16776"}],"wp:attachment":[{"href":"https:\/\/lancorett.com\/ca\/wp-json\/wp\/v2\/media?parent=17139"}],"wp:term":[{"taxonomy":"product_brand","embeddable":true,"href":"https:\/\/lancorett.com\/ca\/wp-json\/wp\/v2\/product_brand?post=17139"},{"taxonomy":"product_cat","embeddable":true,"href":"https:\/\/lancorett.com\/ca\/wp-json\/wp\/v2\/product_cat?post=17139"},{"taxonomy":"product_tag","embeddable":true,"href":"https:\/\/lancorett.com\/ca\/wp-json\/wp\/v2\/product_tag?post=17139"}],"curies":[{"name":"wp","href":"https:\/\/api.w.org\/{rel}","templated":true}]}}