{"id":17129,"date":"2024-05-04T13:21:01","date_gmt":"2024-05-04T11:21:01","guid":{"rendered":"https:\/tienda\/pantalon-corto-aciano\/"},"modified":"2024-06-12T16:25:50","modified_gmt":"2024-06-12T14:25:50","slug":"pantalo-curt-aciano","status":"publish","type":"product","link":"https:\/\/lancorett.com\/ca\/botiga\/pantalo-curt-aciano\/","title":{"rendered":"Pantal\u00f3 Curt Aciano"},"content":{"rendered":"<p>Pantal\u00f3 curt de p\u00e0del i tennis blau entallat. Incorpora un disseny en\u00e8rgic i modern. El disseny consta d&#8217;una cintura alta i unes pinces del darrere que brinden subjecci\u00f3 i a la vegada exalcen la figura de la dona. A m\u00e9s, per m\u00e9s comoditat, el pantal\u00f3 incorpora un culot interior ajustat al cos, permetent la soltesa de la capa exterior i donant una major mobilitat a l&#8217;atleta.<\/p>\n<p>Totes les peces que oferim estan dissenyades i elaborades per oferir la m\u00e0xima qualitat en les activitats esportives. Per aquesta ra\u00f3, treballem amb un teixit que destaca per la seva alta elasticitat, transpirabilitat, capacitat d&#8217;assecat r\u00e0pid i adaptabilitat a la silueta femenina.<\/p>\n<p>El pantal\u00f3 curt Aciano est\u00e0 compost per 80% poliamida i 20% elastans.<\/p>\n","protected":false},"excerpt":{"rendered":"<p>Pantal\u00f3 curt de p\u00e0del i tennis blau entallat. Incorpora un disseny en\u00e8rgic i modern. El disseny consta d&#8217;una cintura alta i unes pinces del darrere que brinden subjecci\u00f3 i a la vegada exalcen la figura de la dona. A m\u00e9s, per m\u00e9s comoditat, el pantal\u00f3 incorpora un culot interior ajustat al cos, permetent la soltesa [&hellip;]<\/p>\n","protected":false},"featured_media":16812,"template":"","meta":[],"product_brand":[],"product_cat":[84,95,92],"product_tag":[],"class_list":{"0":"post-17129","1":"product","2":"type-product","3":"status-publish","4":"has-post-thumbnail","6":"product_cat-col-leccio-alida","7":"product_cat-col-leccions","8":"product_cat-pantalo-curt-padel-i-tennis","10":"first","11":"instock","12":"taxable","13":"shipping-taxable","14":"purchasable","15":"product-type-variable"},"_links":{"self":[{"href":"https:\/\/lancorett.com\/ca\/wp-json\/wp\/v2\/product\/17129","targetHints":{"allow":["GET"]}}],"collection":[{"href":"https:\/\/lancorett.com\/ca\/wp-json\/wp\/v2\/product"}],"about":[{"href":"https:\/\/lancorett.com\/ca\/wp-json\/wp\/v2\/types\/product"}],"wp:featuredmedia":[{"embeddable":true,"href":"https:\/\/lancorett.com\/ca\/wp-json\/wp\/v2\/media\/16812"}],"wp:attachment":[{"href":"https:\/\/lancorett.com\/ca\/wp-json\/wp\/v2\/media?parent=17129"}],"wp:term":[{"taxonomy":"product_brand","embeddable":true,"href":"https:\/\/lancorett.com\/ca\/wp-json\/wp\/v2\/product_brand?post=17129"},{"taxonomy":"product_cat","embeddable":true,"href":"https:\/\/lancorett.com\/ca\/wp-json\/wp\/v2\/product_cat?post=17129"},{"taxonomy":"product_tag","embeddable":true,"href":"https:\/\/lancorett.com\/ca\/wp-json\/wp\/v2\/product_tag?post=17129"}],"curies":[{"name":"wp","href":"https:\/\/api.w.org\/{rel}","templated":true}]}}