{"id":17109,"date":"2024-05-04T13:21:02","date_gmt":"2024-05-04T11:21:02","guid":{"rendered":"https:\/tienda\/camiseta-manga-larga-robinia\/"},"modified":"2024-06-12T16:15:54","modified_gmt":"2024-06-12T14:15:54","slug":"samarreta-maniga-llarga-robinia","status":"publish","type":"product","link":"https:\/\/lancorett.com\/ca\/botiga\/samarreta-maniga-llarga-robinia\/","title":{"rendered":"Samarreta M\u00e0niga Llarga Robinia"},"content":{"rendered":"<p>Samarreta de m\u00e0niga llarga tricolor amb acabats futuristes. La pe\u00e7a consta d&#8217;un disseny atemporal, distingit i xic. Com a resultat d&#8217;un disseny i teixit \u00fanic, permet a l&#8217;esportista afrontar els dies m\u00e9s freds sense perdre comoditat ni transpirabilitat durant el partit a la vegada que enlluerna a la pista de p\u00e0del o tennis.<\/p>\n<p>Totes les peces que oferim estan dissenyades i elaborades per oferir la m\u00e0xima mobilitat i qualitat en les activitats esportives. Per aquesta ra\u00f3, treballem amb un teixit que destaca per la seva alta elasticitat, capacitat d&#8217;assecat r\u00e0pid i adaptabilitat a la silueta femenina.<\/p>\n<p>La camiseta de m\u00e0niga llarga Robinia est\u00e0 composta per 90% poliamida i 10% elastans.<\/p>\n","protected":false},"excerpt":{"rendered":"<p>Samarreta de m\u00e0niga llarga tricolor amb acabats futuristes. La pe\u00e7a consta d&#8217;un disseny atemporal, distingit i xic. Com a resultat d&#8217;un disseny i teixit \u00fanic, permet a l&#8217;esportista afrontar els dies m\u00e9s freds sense perdre comoditat ni transpirabilitat durant el partit a la vegada que enlluerna a la pista de p\u00e0del o tennis. Totes les [&hellip;]<\/p>\n","protected":false},"featured_media":16818,"template":"","meta":[],"product_brand":[],"product_cat":[84,95,74],"product_tag":[],"class_list":{"0":"post-17109","1":"product","2":"type-product","3":"status-publish","4":"has-post-thumbnail","6":"product_cat-col-leccio-alida","7":"product_cat-col-leccions","8":"product_cat-samarreta-maniga-llarga","10":"first","11":"instock","12":"taxable","13":"shipping-taxable","14":"purchasable","15":"product-type-variable"},"_links":{"self":[{"href":"https:\/\/lancorett.com\/ca\/wp-json\/wp\/v2\/product\/17109","targetHints":{"allow":["GET"]}}],"collection":[{"href":"https:\/\/lancorett.com\/ca\/wp-json\/wp\/v2\/product"}],"about":[{"href":"https:\/\/lancorett.com\/ca\/wp-json\/wp\/v2\/types\/product"}],"wp:featuredmedia":[{"embeddable":true,"href":"https:\/\/lancorett.com\/ca\/wp-json\/wp\/v2\/media\/16818"}],"wp:attachment":[{"href":"https:\/\/lancorett.com\/ca\/wp-json\/wp\/v2\/media?parent=17109"}],"wp:term":[{"taxonomy":"product_brand","embeddable":true,"href":"https:\/\/lancorett.com\/ca\/wp-json\/wp\/v2\/product_brand?post=17109"},{"taxonomy":"product_cat","embeddable":true,"href":"https:\/\/lancorett.com\/ca\/wp-json\/wp\/v2\/product_cat?post=17109"},{"taxonomy":"product_tag","embeddable":true,"href":"https:\/\/lancorett.com\/ca\/wp-json\/wp\/v2\/product_tag?post=17109"}],"curies":[{"name":"wp","href":"https:\/\/api.w.org\/{rel}","templated":true}]}}