{"id":17068,"date":"2024-05-04T13:26:19","date_gmt":"2024-05-04T11:26:19","guid":{"rendered":"https:\/tienda\/falda-garbet\/"},"modified":"2024-06-12T15:38:34","modified_gmt":"2024-06-12T13:38:34","slug":"faldilla-garbet","status":"publish","type":"product","link":"https:\/\/lancorett.com\/ca\/botiga\/faldilla-garbet\/","title":{"rendered":"Faldilla Garbet"},"content":{"rendered":"<p>Faldilla semiajustada color blau p\u00e0l\u00b7lid. Incorpora una cintura alta que afavoreix l&#8217;adaptaci\u00f3 a la silueta de la dona. A m\u00e9s, la pe\u00e7a incorpora un culot interior que permet oferir una sensaci\u00f3 de subjecci\u00f3, donant aix\u00ed confian\u00e7a en practicar p\u00e0del. Pe\u00e7a elaborada amb material t\u00e8cnico-el\u00e0stic que contribueix a millorar la capacitat de moviment de l&#8217;atleta.<\/p>\n<p>Totes les peces que oferim estan dissenyades i elaborades per oferir la m\u00e0xima comoditat, mobilitat i qualitat a les activitats esportives. Per aquesta ra\u00f3, treballem amb un teixit que destaca per la seva alta elasticitat, transpirabilitat, capacitat d&#8217;assecat r\u00e0pid i adaptabilitat a la silueta femenina.<\/p>\n<p>La faldilla Garbet est\u00e0 composta per 80% poliamida i 20% elastans.<\/p>\n","protected":false},"excerpt":{"rendered":"<p>Faldilla semiajustada color blau p\u00e0l\u00b7lid. Incorpora una cintura alta que afavoreix l&#8217;adaptaci\u00f3 a la silueta de la dona. A m\u00e9s, la pe\u00e7a incorpora un culot interior que permet oferir una sensaci\u00f3 de subjecci\u00f3, donant aix\u00ed confian\u00e7a en practicar p\u00e0del. Pe\u00e7a elaborada amb material t\u00e8cnico-el\u00e0stic que contribueix a millorar la capacitat de moviment de l&#8217;atleta. Totes [&hellip;]<\/p>\n","protected":false},"featured_media":16702,"template":"","meta":[],"product_brand":[],"product_cat":[84,95,62],"product_tag":[],"class_list":{"0":"post-17068","1":"product","2":"type-product","3":"status-publish","4":"has-post-thumbnail","6":"product_cat-col-leccio-alida","7":"product_cat-col-leccions","8":"product_cat-faldilla-padel-dona","10":"first","11":"instock","12":"taxable","13":"shipping-taxable","14":"purchasable","15":"product-type-variable"},"_links":{"self":[{"href":"https:\/\/lancorett.com\/ca\/wp-json\/wp\/v2\/product\/17068","targetHints":{"allow":["GET"]}}],"collection":[{"href":"https:\/\/lancorett.com\/ca\/wp-json\/wp\/v2\/product"}],"about":[{"href":"https:\/\/lancorett.com\/ca\/wp-json\/wp\/v2\/types\/product"}],"wp:featuredmedia":[{"embeddable":true,"href":"https:\/\/lancorett.com\/ca\/wp-json\/wp\/v2\/media\/16702"}],"wp:attachment":[{"href":"https:\/\/lancorett.com\/ca\/wp-json\/wp\/v2\/media?parent=17068"}],"wp:term":[{"taxonomy":"product_brand","embeddable":true,"href":"https:\/\/lancorett.com\/ca\/wp-json\/wp\/v2\/product_brand?post=17068"},{"taxonomy":"product_cat","embeddable":true,"href":"https:\/\/lancorett.com\/ca\/wp-json\/wp\/v2\/product_cat?post=17068"},{"taxonomy":"product_tag","embeddable":true,"href":"https:\/\/lancorett.com\/ca\/wp-json\/wp\/v2\/product_tag?post=17068"}],"curies":[{"name":"wp","href":"https:\/\/api.w.org\/{rel}","templated":true}]}}