{"id":17058,"date":"2024-05-04T13:26:19","date_gmt":"2024-05-04T11:26:19","guid":{"rendered":"https:\/tienda\/camiseta-massoni\/"},"modified":"2024-06-12T15:34:02","modified_gmt":"2024-06-12T13:34:02","slug":"samarreta-massoni","status":"publish","type":"product","link":"https:\/\/lancorett.com\/ca\/botiga\/samarreta-tirants-massoni\/","title":{"rendered":"Samarreta Tirants Massoni"},"content":{"rendered":"<p>Samarreta de tirants de p\u00e0del taronja p\u00e0l\u00b7lid, ideal per lluir els dies d&#8217;estiu. A m\u00e9s, incorpora un disseny cl\u00e0ssic i minimalista, complementat amb rivets laterals que ressalten la silueta de la dona.<\/p>\n<p>Totes les peces que oferim estan dissenyades i elaborades per oferir la m\u00e0xima comoditat, mobilitat i qualitat a les activitats esportives. Per aquesta ra\u00f3, treballem amb un teixit que destaca per la seva alta elasticitat, transpirabilitat, capacitat d&#8217;assecat r\u00e0pid i adaptabilitat a la silueta femenina.<\/p>\n<p>La samarreta Massoni est\u00e0 composta per 80% poliamida i 20% elastans.<\/p>\n","protected":false},"excerpt":{"rendered":"<p>Samarreta de tirants de p\u00e0del taronja p\u00e0l\u00b7lid, ideal per lluir els dies d&#8217;estiu. A m\u00e9s, incorpora un disseny cl\u00e0ssic i minimalista, complementat amb rivets laterals que ressalten la silueta de la dona. Totes les peces que oferim estan dissenyades i elaborades per oferir la m\u00e0xima comoditat, mobilitat i qualitat a les activitats esportives. Per aquesta [&hellip;]<\/p>\n","protected":false},"featured_media":16688,"template":"","meta":[],"product_brand":[],"product_cat":[84,95,75,90],"product_tag":[],"class_list":{"0":"post-17058","1":"product","2":"type-product","3":"status-publish","4":"has-post-thumbnail","6":"product_cat-col-leccio-alida","7":"product_cat-col-leccions","8":"product_cat-samarreta-de-tirants","9":"product_cat-samarreta-sense-manigues","11":"first","12":"instock","13":"taxable","14":"shipping-taxable","15":"purchasable","16":"product-type-variable"},"_links":{"self":[{"href":"https:\/\/lancorett.com\/ca\/wp-json\/wp\/v2\/product\/17058","targetHints":{"allow":["GET"]}}],"collection":[{"href":"https:\/\/lancorett.com\/ca\/wp-json\/wp\/v2\/product"}],"about":[{"href":"https:\/\/lancorett.com\/ca\/wp-json\/wp\/v2\/types\/product"}],"wp:featuredmedia":[{"embeddable":true,"href":"https:\/\/lancorett.com\/ca\/wp-json\/wp\/v2\/media\/16688"}],"wp:attachment":[{"href":"https:\/\/lancorett.com\/ca\/wp-json\/wp\/v2\/media?parent=17058"}],"wp:term":[{"taxonomy":"product_brand","embeddable":true,"href":"https:\/\/lancorett.com\/ca\/wp-json\/wp\/v2\/product_brand?post=17058"},{"taxonomy":"product_cat","embeddable":true,"href":"https:\/\/lancorett.com\/ca\/wp-json\/wp\/v2\/product_cat?post=17058"},{"taxonomy":"product_tag","embeddable":true,"href":"https:\/\/lancorett.com\/ca\/wp-json\/wp\/v2\/product_tag?post=17058"}],"curies":[{"name":"wp","href":"https:\/\/api.w.org\/{rel}","templated":true}]}}