{"id":17006,"date":"2024-05-04T13:29:40","date_gmt":"2024-05-04T11:29:40","guid":{"rendered":"https:\/tienda\/camiseta-de-tirantes-stein\/"},"modified":"2024-06-12T15:06:27","modified_gmt":"2024-06-12T13:06:27","slug":"samarreta-de-tirants-stein","status":"publish","type":"product","link":"https:\/\/lancorett.com\/ca\/botiga\/samarreta-tirants-stein\/","title":{"rendered":"Samarreta Tirants Stein"},"content":{"rendered":"<p>Samarreta de tirants funcional per dona. \u00danica tonalitat blanc nuclear amb detalls plata, ideal per dur l&#8217;eleg\u00e0ncia a les pistes de p\u00e0del. Inspirada en l&#8217;<em>art d\u00e9co,\u00a0<\/em>la samarreta Stein segueix un disseny cl\u00e0ssic i sofisticat: patr\u00f3 semiajustat i de doble teixit a la part superior; per aix\u00ed garantir una m\u00e0xima subjecci\u00f3, un millor rendiment i evitar la transpar\u00e8ncia. A m\u00e9s, compte amb coll mao, escot llarg i tirants prims.<\/p>\n<p>Totes les peces que oferim estan dissenyades i elaborades per oferir la m\u00e0xima comoditat, mobilitat i qualitat a les activitats esportives. Per aquesta ra\u00f3, treballem amb teixit t\u00e8cnic que destaca per la seva alta elasticitat, transpirabilitat, capacitat d&#8217;assecat r\u00e0pid i adaptabilitat a la silueta femenina.<\/p>\n<p>La samarreta de tirants Stein est\u00e0 composta per 80% poliamida i 20% elastans.<\/p>\n","protected":false},"excerpt":{"rendered":"<p>&nbsp;<\/p>\n<p>&nbsp;<\/p>\n","protected":false},"featured_media":16680,"template":"","meta":[],"product_brand":[],"product_cat":[81,95,75,90],"product_tag":[],"class_list":{"0":"post-17006","1":"product","2":"type-product","3":"status-publish","4":"has-post-thumbnail","6":"product_cat-col-leccio-suzanne","7":"product_cat-col-leccions","8":"product_cat-samarreta-de-tirants","9":"product_cat-samarreta-sense-manigues","11":"first","12":"instock","13":"taxable","14":"shipping-taxable","15":"purchasable","16":"product-type-variable"},"_links":{"self":[{"href":"https:\/\/lancorett.com\/ca\/wp-json\/wp\/v2\/product\/17006","targetHints":{"allow":["GET"]}}],"collection":[{"href":"https:\/\/lancorett.com\/ca\/wp-json\/wp\/v2\/product"}],"about":[{"href":"https:\/\/lancorett.com\/ca\/wp-json\/wp\/v2\/types\/product"}],"wp:featuredmedia":[{"embeddable":true,"href":"https:\/\/lancorett.com\/ca\/wp-json\/wp\/v2\/media\/16680"}],"wp:attachment":[{"href":"https:\/\/lancorett.com\/ca\/wp-json\/wp\/v2\/media?parent=17006"}],"wp:term":[{"taxonomy":"product_brand","embeddable":true,"href":"https:\/\/lancorett.com\/ca\/wp-json\/wp\/v2\/product_brand?post=17006"},{"taxonomy":"product_cat","embeddable":true,"href":"https:\/\/lancorett.com\/ca\/wp-json\/wp\/v2\/product_cat?post=17006"},{"taxonomy":"product_tag","embeddable":true,"href":"https:\/\/lancorett.com\/ca\/wp-json\/wp\/v2\/product_tag?post=17006"}],"curies":[{"name":"wp","href":"https:\/\/api.w.org\/{rel}","templated":true}]}}