{"id":16991,"date":"2024-05-04T13:29:41","date_gmt":"2024-05-04T11:29:41","guid":{"rendered":"https:\/tienda\/faldilla-guiette\/"},"modified":"2025-11-15T20:31:07","modified_gmt":"2025-11-15T19:31:07","slug":"faldilla-guiette","status":"publish","type":"product","link":"https:\/\/lancorett.com\/ca\/botiga\/faldilla-guiette\/","title":{"rendered":"Faldilla Guiette"},"content":{"rendered":"<p>Faldilla de p\u00e0del monocrom\u00e0tica negre evas\u00e9 amb detall xarol. Incorpora un culot interior que permet oferir una m\u00e0xima sensaci\u00f3 d&#8217;uni\u00f3, donant aix\u00ed confian\u00e7a a l&#8217;esportista. El disseny segueix una l\u00ednia <em>vintage<\/em> amb un patr\u00f3 acampanat que afavoreix la silueta femenina.<\/p>\n<p>Totes les peces que oferim estan dissenyades i elaborades per oferir la m\u00e0xima comoditat, mobilitat i qualitat en les activitats esportives. Per aquesta ra\u00f3, treballem amb teixit t\u00e8cnic que destaca per la seva alta elasticitat, transpirabilitat, capacitat d&#8217;assecat r\u00e0pid i adaptabilitat a la silueta femenina.<\/p>\n<p>La faldilla Guiette est\u00e0 composta per 80% poliamida i 20% elastans.<\/p>\n","protected":false},"excerpt":{"rendered":"<p>Faldilla de p\u00e0del monocrom\u00e0tica negre evas\u00e9 amb detall xarol. Incorpora un culot interior que permet oferir una m\u00e0xima sensaci\u00f3 d&#8217;uni\u00f3, donant aix\u00ed confian\u00e7a a l&#8217;esportista. El disseny segueix una l\u00ednia vintage amb un patr\u00f3 acampanat que afavoreix la silueta femenina. Totes les peces que oferim estan dissenyades i elaborades per oferir la m\u00e0xima comoditat, mobilitat [&hellip;]<\/p>\n","protected":false},"featured_media":16718,"template":"","meta":[],"product_brand":[],"product_cat":[81,95,62],"product_tag":[],"class_list":{"0":"post-16991","1":"product","2":"type-product","3":"status-publish","4":"has-post-thumbnail","6":"product_cat-col-leccio-suzanne","7":"product_cat-col-leccions","8":"product_cat-faldilla-padel-dona","10":"first","11":"instock","12":"taxable","13":"shipping-taxable","14":"purchasable","15":"product-type-variable"},"_links":{"self":[{"href":"https:\/\/lancorett.com\/ca\/wp-json\/wp\/v2\/product\/16991","targetHints":{"allow":["GET"]}}],"collection":[{"href":"https:\/\/lancorett.com\/ca\/wp-json\/wp\/v2\/product"}],"about":[{"href":"https:\/\/lancorett.com\/ca\/wp-json\/wp\/v2\/types\/product"}],"wp:featuredmedia":[{"embeddable":true,"href":"https:\/\/lancorett.com\/ca\/wp-json\/wp\/v2\/media\/16718"}],"wp:attachment":[{"href":"https:\/\/lancorett.com\/ca\/wp-json\/wp\/v2\/media?parent=16991"}],"wp:term":[{"taxonomy":"product_brand","embeddable":true,"href":"https:\/\/lancorett.com\/ca\/wp-json\/wp\/v2\/product_brand?post=16991"},{"taxonomy":"product_cat","embeddable":true,"href":"https:\/\/lancorett.com\/ca\/wp-json\/wp\/v2\/product_cat?post=16991"},{"taxonomy":"product_tag","embeddable":true,"href":"https:\/\/lancorett.com\/ca\/wp-json\/wp\/v2\/product_tag?post=16991"}],"curies":[{"name":"wp","href":"https:\/\/api.w.org\/{rel}","templated":true}]}}