{"id":16976,"date":"2024-05-04T13:33:22","date_gmt":"2024-05-04T11:33:22","guid":{"rendered":"https:\/tienda\/camiseta-manga-larga-agave\/"},"modified":"2024-06-12T14:13:41","modified_gmt":"2024-06-12T12:13:41","slug":"samarreta-maniga-llarga-agave","status":"publish","type":"product","link":"https:\/\/lancorett.com\/ca\/botiga\/samarreta-maniga-llarga-agave\/","title":{"rendered":"Samarreta M\u00e0niga Llarga Agave"},"content":{"rendered":"<p>Samarreta de m\u00e0niga llarga tricolor amb acabats futuristes. La pe\u00e7a consta d&#8217;un disseny atemporal, distingit i xic. Com a resultat d&#8217;un disseny i teixit \u00fanic, \u00e9s un essencial que permet a l&#8217;esportista afrontar els dies m\u00e9s freds sense perdre comoditat ni transpirabilitat durant el partit a la vegada que llueix a la pista de p\u00e0del o tenis.<\/p>\n<p>Totes les peces que oferim estan dissenyades i elaborades per oferir la m\u00e0xima mobilitat i qualitat en les activitats esportives. Per aquesta ra\u00f3, treballem amb un teixit que destaca per la seva alta elasticitat, capacitat d&#8217;assecat r\u00e0pid i adaptabilitat a la silueta femenina.<\/p>\n<p>La samarreta de m\u00e0niga llarga Agave est\u00e0 composta per 90% poliamida i 10% elastans.<\/p>\n","protected":false},"excerpt":{"rendered":"<p>Samarreta de m\u00e0niga llarga tricolor amb acabats futuristes. La pe\u00e7a consta d&#8217;un disseny atemporal, distingit i xic. Com a resultat d&#8217;un disseny i teixit \u00fanic, \u00e9s un essencial que permet a l&#8217;esportista afrontar els dies m\u00e9s freds sense perdre comoditat ni transpirabilitat durant el partit a la vegada que llueix a la pista de p\u00e0del [&hellip;]<\/p>\n","protected":false},"featured_media":16686,"template":"","meta":[],"product_brand":[],"product_cat":[81,95,74],"product_tag":[],"class_list":{"0":"post-16976","1":"product","2":"type-product","3":"status-publish","4":"has-post-thumbnail","6":"product_cat-col-leccio-suzanne","7":"product_cat-col-leccions","8":"product_cat-samarreta-maniga-llarga","10":"first","11":"instock","12":"taxable","13":"shipping-taxable","14":"purchasable","15":"product-type-variable"},"_links":{"self":[{"href":"https:\/\/lancorett.com\/ca\/wp-json\/wp\/v2\/product\/16976","targetHints":{"allow":["GET"]}}],"collection":[{"href":"https:\/\/lancorett.com\/ca\/wp-json\/wp\/v2\/product"}],"about":[{"href":"https:\/\/lancorett.com\/ca\/wp-json\/wp\/v2\/types\/product"}],"wp:featuredmedia":[{"embeddable":true,"href":"https:\/\/lancorett.com\/ca\/wp-json\/wp\/v2\/media\/16686"}],"wp:attachment":[{"href":"https:\/\/lancorett.com\/ca\/wp-json\/wp\/v2\/media?parent=16976"}],"wp:term":[{"taxonomy":"product_brand","embeddable":true,"href":"https:\/\/lancorett.com\/ca\/wp-json\/wp\/v2\/product_brand?post=16976"},{"taxonomy":"product_cat","embeddable":true,"href":"https:\/\/lancorett.com\/ca\/wp-json\/wp\/v2\/product_cat?post=16976"},{"taxonomy":"product_tag","embeddable":true,"href":"https:\/\/lancorett.com\/ca\/wp-json\/wp\/v2\/product_tag?post=16976"}],"curies":[{"name":"wp","href":"https:\/\/api.w.org\/{rel}","templated":true}]}}