{"id":16956,"date":"2024-05-04T13:36:39","date_gmt":"2024-05-04T11:36:39","guid":{"rendered":"https:\/tienda\/dessuadora-in-style\/"},"modified":"2024-06-12T14:04:26","modified_gmt":"2024-06-12T12:04:26","slug":"dessuadora-in-style","status":"publish","type":"product","link":"https:\/\/lancorett.com\/ca\/botiga\/dessuadora-in-style\/","title":{"rendered":"Dessuadora In Style"},"content":{"rendered":"<p>Dessuadora amb caputxa pels partits de p\u00e0del m\u00e9s freds. Pe\u00e7a monocrom\u00e0tica beix p\u00e0l\u00b7lid amb detalls bordats de la mateixa tonalitat que permet combinar-la amb tots els colors. Disseny que segueix els principis minimalistes, fashion i elegants m\u00e9s purs de la marca: M\u00e0nigues amples, patr\u00f3 semicurt i confeccionat amb cot\u00f3 el\u00e0stic d&#8217;alta qualitat per garantir la comoditat a la pista. El b\u00e0sic d&#8217;armari per a tota dona que vulgui portar l&#8217;eleg\u00e0ncia casual a l&#8217;esport.<\/p>\n<p>El teixit de la dessuadora est\u00e0 compost per 96% cot\u00f3 i 4% elastans.<\/p>\n","protected":false},"excerpt":{"rendered":"<p>Dessuadora amb caputxa pels partits de p\u00e0del m\u00e9s freds. Pe\u00e7a monocrom\u00e0tica beix p\u00e0l\u00b7lid amb detalls bordats de la mateixa tonalitat que permet combinar-la amb tots els colors. Disseny que segueix els principis minimalistes, fashion i elegants m\u00e9s purs de la marca: M\u00e0nigues amples, patr\u00f3 semicurt i confeccionat amb cot\u00f3 el\u00e0stic d&#8217;alta qualitat per garantir la [&hellip;]<\/p>\n","protected":false},"featured_media":16830,"template":"","meta":[],"product_brand":[],"product_cat":[84,81,95],"product_tag":[],"class_list":{"0":"post-16956","1":"product","2":"type-product","3":"status-publish","4":"has-post-thumbnail","6":"product_cat-col-leccio-alida","7":"product_cat-col-leccio-suzanne","8":"product_cat-col-leccions","10":"first","11":"instock","12":"taxable","13":"shipping-taxable","14":"purchasable","15":"product-type-variable"},"_links":{"self":[{"href":"https:\/\/lancorett.com\/ca\/wp-json\/wp\/v2\/product\/16956","targetHints":{"allow":["GET"]}}],"collection":[{"href":"https:\/\/lancorett.com\/ca\/wp-json\/wp\/v2\/product"}],"about":[{"href":"https:\/\/lancorett.com\/ca\/wp-json\/wp\/v2\/types\/product"}],"wp:featuredmedia":[{"embeddable":true,"href":"https:\/\/lancorett.com\/ca\/wp-json\/wp\/v2\/media\/16830"}],"wp:attachment":[{"href":"https:\/\/lancorett.com\/ca\/wp-json\/wp\/v2\/media?parent=16956"}],"wp:term":[{"taxonomy":"product_brand","embeddable":true,"href":"https:\/\/lancorett.com\/ca\/wp-json\/wp\/v2\/product_brand?post=16956"},{"taxonomy":"product_cat","embeddable":true,"href":"https:\/\/lancorett.com\/ca\/wp-json\/wp\/v2\/product_cat?post=16956"},{"taxonomy":"product_tag","embeddable":true,"href":"https:\/\/lancorett.com\/ca\/wp-json\/wp\/v2\/product_tag?post=16956"}],"curies":[{"name":"wp","href":"https:\/\/api.w.org\/{rel}","templated":true}]}}