{"id":16904,"date":"2024-05-04T13:37:34","date_gmt":"2024-05-04T11:37:34","guid":{"rendered":"https:\/tienda\/camiseta-pedrera\/"},"modified":"2024-06-12T13:49:53","modified_gmt":"2024-06-12T11:49:53","slug":"samarreta-pedrera","status":"publish","type":"product","link":"https:\/\/lancorett.com\/ca\/botiga\/samarreta-pedrera\/","title":{"rendered":"Samarreta Pedrera"},"content":{"rendered":"<div>\n<p>Samarreta de tirants de p\u00e0del ideal per tota dona que vulgui marcar la difer\u00e8ncia dins i fora de la pista. Disseny minimalista que exal\u00e7a el poder de la silueta femenina. La pe\u00e7a segueix una l\u00ednia monocrom\u00e0tica blau fosc amb elegants acabats blancs. Forma part de la col\u00b7lecci\u00f3 Metr\u00f2polis, inspirada en el dinamisme de les metr\u00f2polis modernes i reflexa com poden convergir la moda i l&#8217;esport en peces \u00faniques.<\/p>\n<p>Dissenyat de patr\u00f3 entallat i escot d&#8217;estil Halter. La part superior de la pe\u00e7a est\u00e0 confeccionada amb doble teixit per garantir una major subjecci\u00f3 i llibertat de moviment. Incorpora un coll alt amb una cremallera que s&#8217;est\u00e9n fins a la zona inferior del pit, aportant un ajust personalitzat i una ventilaci\u00f3 \u00f2ptima.<\/p>\n<p>Totes les peces que oferim estan dissenyades i confeccionades per garantir la m\u00e0xima comoditat, mobilitat i qualitat en les activitats esportives. Per aquesta ra\u00f3, treballem amb teixit t\u00e8cnic que destaca per la seva alta elasticitat, transpirabilitat, capacitat d&#8217;assecat r\u00e0pid i adaptabilitat a la silueta femenina.<\/p>\n<\/div>\n<div>\n<p>La samarreta de tirants Pedrera est\u00e0 composta per 80% poliamida i 20% elastans.<\/p>\n<\/div>\n","protected":false},"excerpt":{"rendered":"<p>Samarreta de tirants de p\u00e0del ideal per tota dona que vulgui marcar la difer\u00e8ncia dins i fora de la pista. Disseny minimalista que exal\u00e7a el poder de la silueta femenina. La pe\u00e7a segueix una l\u00ednia monocrom\u00e0tica blau fosc amb elegants acabats blancs. Forma part de la col\u00b7lecci\u00f3 Metr\u00f2polis, inspirada en el dinamisme de les metr\u00f2polis [&hellip;]<\/p>\n","protected":false},"featured_media":16748,"template":"","meta":[],"product_brand":[],"product_cat":[60,95,75,90],"product_tag":[],"class_list":{"0":"post-16904","1":"product","2":"type-product","3":"status-publish","4":"has-post-thumbnail","6":"product_cat-col-leccio-metropolitan","7":"product_cat-col-leccions","8":"product_cat-samarreta-de-tirants","9":"product_cat-samarreta-sense-manigues","11":"first","12":"instock","13":"taxable","14":"shipping-taxable","15":"purchasable","16":"product-type-variable"},"_links":{"self":[{"href":"https:\/\/lancorett.com\/ca\/wp-json\/wp\/v2\/product\/16904","targetHints":{"allow":["GET"]}}],"collection":[{"href":"https:\/\/lancorett.com\/ca\/wp-json\/wp\/v2\/product"}],"about":[{"href":"https:\/\/lancorett.com\/ca\/wp-json\/wp\/v2\/types\/product"}],"wp:featuredmedia":[{"embeddable":true,"href":"https:\/\/lancorett.com\/ca\/wp-json\/wp\/v2\/media\/16748"}],"wp:attachment":[{"href":"https:\/\/lancorett.com\/ca\/wp-json\/wp\/v2\/media?parent=16904"}],"wp:term":[{"taxonomy":"product_brand","embeddable":true,"href":"https:\/\/lancorett.com\/ca\/wp-json\/wp\/v2\/product_brand?post=16904"},{"taxonomy":"product_cat","embeddable":true,"href":"https:\/\/lancorett.com\/ca\/wp-json\/wp\/v2\/product_cat?post=16904"},{"taxonomy":"product_tag","embeddable":true,"href":"https:\/\/lancorett.com\/ca\/wp-json\/wp\/v2\/product_tag?post=16904"}],"curies":[{"name":"wp","href":"https:\/\/api.w.org\/{rel}","templated":true}]}}