{"id":16894,"date":"2024-05-04T13:38:59","date_gmt":"2024-05-04T11:38:59","guid":{"rendered":"https:\/tienda\/faldilla-vicens\/"},"modified":"2024-06-12T13:29:45","modified_gmt":"2024-06-12T11:29:45","slug":"faldilla-vicens","status":"publish","type":"product","link":"https:\/\/lancorett.com\/ca\/botiga\/faldilla-vicens\/","title":{"rendered":"Faldilla Vicens"},"content":{"rendered":"<p>Faldilla de p\u00e0del ajustada elaborada amb material t\u00e8cnico-el\u00e0stic. Segueix una l\u00ednia monocrom\u00e0tica blau fosc que contrasta amb una vistosa franja inferior blanca. Minimalisme i eleg\u00e0ncia barrejats en una pe\u00e7a perfecte. La pe\u00e7a pertany a la col\u00b7lecci\u00f3 Metr\u00f2polis, inspirada en el dinamisme de les metr\u00f2polis modernes i reflexa com poden convergir la moda i l&#8217;esport en peces \u00faniques.<\/p>\n<p>El patr\u00f3 incorpora una cintura alta dissenyada per real\u00e7ar i adaptar-se a la silueta de la dona. Addicionalment, compte amb un culot interior que proporciona una sensaci\u00f3 d&#8217;adher\u00e8ncia i ajustament, donant aix\u00ed confian\u00e7a a l&#8217;esportista en practicar p\u00e0del i tenis.<\/p>\n<p>Totes les peces que oferim estan dissenyades i elaborades per oferir la m\u00e0xima comoditat, mobilitat i qualitat en les activitats esportives. Per aquesta ra\u00f3, treballem amb teixit t\u00e8cnic que destaca per la seva alta elasticitat, transpirabilitat, capacitat d&#8217;assecat r\u00e0pid i adaptabilitat a la silueta femenina.<\/p>\n<p>La faldilla Vicens est\u00e0 composta per 80% poliamida i 20% elastans.<\/p>\n","protected":false},"excerpt":{"rendered":"<p>Faldilla de p\u00e0del ajustada elaborada amb material t\u00e8cnico-el\u00e0stic. Segueix una l\u00ednia monocrom\u00e0tica blau fosc que contrasta amb una vistosa franja inferior blanca. Minimalisme i eleg\u00e0ncia barrejats en una pe\u00e7a perfecte. La pe\u00e7a pertany a la col\u00b7lecci\u00f3 Metr\u00f2polis, inspirada en el dinamisme de les metr\u00f2polis modernes i reflexa com poden convergir la moda i l&#8217;esport en [&hellip;]<\/p>\n","protected":false},"featured_media":16750,"template":"","meta":[],"product_brand":[],"product_cat":[60,95,62],"product_tag":[],"class_list":{"0":"post-16894","1":"product","2":"type-product","3":"status-publish","4":"has-post-thumbnail","6":"product_cat-col-leccio-metropolitan","7":"product_cat-col-leccions","8":"product_cat-faldilla-padel-dona","10":"first","11":"instock","12":"taxable","13":"shipping-taxable","14":"purchasable","15":"product-type-variable"},"_links":{"self":[{"href":"https:\/\/lancorett.com\/ca\/wp-json\/wp\/v2\/product\/16894","targetHints":{"allow":["GET"]}}],"collection":[{"href":"https:\/\/lancorett.com\/ca\/wp-json\/wp\/v2\/product"}],"about":[{"href":"https:\/\/lancorett.com\/ca\/wp-json\/wp\/v2\/types\/product"}],"wp:featuredmedia":[{"embeddable":true,"href":"https:\/\/lancorett.com\/ca\/wp-json\/wp\/v2\/media\/16750"}],"wp:attachment":[{"href":"https:\/\/lancorett.com\/ca\/wp-json\/wp\/v2\/media?parent=16894"}],"wp:term":[{"taxonomy":"product_brand","embeddable":true,"href":"https:\/\/lancorett.com\/ca\/wp-json\/wp\/v2\/product_brand?post=16894"},{"taxonomy":"product_cat","embeddable":true,"href":"https:\/\/lancorett.com\/ca\/wp-json\/wp\/v2\/product_cat?post=16894"},{"taxonomy":"product_tag","embeddable":true,"href":"https:\/\/lancorett.com\/ca\/wp-json\/wp\/v2\/product_tag?post=16894"}],"curies":[{"name":"wp","href":"https:\/\/api.w.org\/{rel}","templated":true}]}}