{"id":19477,"date":"2025-03-25T15:03:06","date_gmt":"2025-03-25T14:03:06","guid":{"rendered":"https:\/\/lancorett.com\/?page_id=19477"},"modified":"2025-04-01T14:48:13","modified_gmt":"2025-04-01T12:48:13","slug":"condicions-dus","status":"publish","type":"page","link":"https:\/\/lancorett.com\/ca\/condicions-dus\/","title":{"rendered":"Condicions d&#8217;\u00fas"},"content":{"rendered":"<h1>Condicions d&#8217;\u00fas<\/h1>\n<h1><strong>1. Responsabilitats<\/strong><\/h1>\n<div>\n<p data-start=\"0\" data-end=\"210\" class=\"\">El nostre lloc estar\u00e0 exempt de tota responsabilitat pel que fa a la qualitat, velocitat i perman\u00e8ncia de la p\u00e0gina web, aix\u00ed com de la informaci\u00f3 facilitada per part dels usuaris i persones alienes a la web.<\/p>\n<p data-start=\"212\" data-end=\"459\" class=\"\">Tampoc es far\u00e0 responsable de les opinions aportades dins de la plataforma. D&#8217;altra banda, el client assumeix con\u00e8ixer la informaci\u00f3 i caracter\u00edstiques dels productes adquirits i estar\u00e0 d&#8217;acord amb la informaci\u00f3 que apareix a tota la plataforma.<\/p>\n<p data-start=\"461\" data-end=\"791\" class=\"\">Declara, a m\u00e9s, que \u00e9s una persona major d\u2019edat (18 anys) segons la legislaci\u00f3 vigent, que est\u00e0 autoritzat per a l\u2019\u00fas del compte i el mitj\u00e0 de pagament que hagi facilitat, que les dades subministrades durant el proc\u00e9s s\u00f3n correctes, aix\u00ed com que sap i consent la recepci\u00f3 del producte al lloc indicat durant el proc\u00e9s de compra.<\/p>\n<p data-start=\"793\" data-end=\"953\" class=\"\">Els nostres usuaris poden realitzar les comandes a trav\u00e9s de la nostra <strong>p\u00e0gina web, WhatsApp o trucant per tel\u00e8fon<\/strong>, i els ajudarem a processar la seva comanda.<\/p>\n<p data-start=\"955\" data-end=\"1364\" class=\"\">El preu dels productes apareixer\u00e0 sempre en \u00ab\u20ac euros\u00bb i inclour\u00e0 els impostos d&#8217;IVA, per\u00f2 no inclour\u00e0 el preu del transport. Aquest es calcular\u00e0 posteriorment abans de realitzar la comanda i es comunicar\u00e0 al client. A m\u00e9s, ens reservem el dret de modificar els preus dels productes sense previ av\u00eds. Els serveis de lliurament es facturaran segons les tarifes vigents en el moment del registre de la comanda.<\/p>\n<p data-start=\"1366\" data-end=\"1486\" class=\"\">El client haur\u00e0 d&#8217;estar conforme i declarar\u00e0 haver llegit i ent\u00e8s tota la informaci\u00f3 relativa als productes adquirits.<\/p>\n<p data-start=\"1488\" data-end=\"1604\" class=\"\">Les despeses d&#8217;enviament s&#8217;inclouran en el preu final. Tots els costos es desglossaran durant el proc\u00e9s de compra.<\/p>\n<p data-start=\"1606\" data-end=\"1769\" class=\"\">Es podran utilitzar els m\u00e8todes de pagament seg\u00fcents: transfer\u00e8ncia banc\u00e0ria i Bizum. Alguns m\u00e8todes de pagament podrien no estar disponibles de manera temporal.<\/p>\n<p data-start=\"1771\" data-end=\"1877\" class=\"\">Enviarem una confirmaci\u00f3 de la comanda per WhatsApp o correu electr\u00f2nic un cop el client l&#8217;hagi efectuada.<\/p>\n<\/div>\n<h1><strong>2. Disponibilitat<\/strong><\/h1>\n<div>\n<p>Informarem el client a trav\u00e9s de WhatsApp o correu electr\u00f2nic en cas d&#8217;indisponibilitat d&#8217;un producte despr\u00e9s d&#8217;haver realitzat la comanda i es procedir\u00e0 a l&#8217;anul\u00b7laci\u00f3 d\u2019aquesta. La rapidesa de la devoluci\u00f3 dependr\u00e0 del tipus de m\u00e8tode de pagament utilitzat pel client i de les condicions d\u2019aquests.<\/p>\n<\/div>\n<h1><strong>3. Descomptes i cupons<\/strong><\/h1>\n<div>\n<p>Els cupons de descompte no seran acumulables, amb un m\u00e0xim d&#8217;un per comanda realitzada. S&#8217;oferiran cupons de descompte cada vegada que es faci una comanda. Cada cup\u00f3 tindr\u00e0 les seves pr\u00f2pies normes d&#8217;\u00fas i condicions.<\/p>\n<\/div>\n<h1><strong>4. Devolucions<\/strong><\/h1>\n<div>\n<p>Es poden retornar tots els articles en un termini m\u00e0xim de 15 dies des de la data de lliurament del producte.<br \/>S&#8217;han de retornar en perfecte estat, sense haver estat usats, amb l&#8217;etiqueta, el tiquet\/factura corresponent i l&#8217;embalatge original.<br \/>Un cop el producte arribi a les nostres instal\u00b7lacions i si compleix les condicions abans exposades, li reemborsarem l&#8217;import de l&#8217;article en la mateixa forma en qu\u00e8 hagi estat abonat en un termini de 14 dies laborables despr\u00e9s de l&#8217;arribada del producte a la nostra central.<\/p>\n<p>El cost del servei de recollida per devoluci\u00f3 va a c\u00e0rrec del client, i aquest import es descomptar\u00e0 de la suma a reemborsar.<\/p>\n<p>Per a m\u00e9s informaci\u00f3:<\/p>\n<p>Envi\u00ef un correu a info@lancorett.com o mitjan\u00e7ant WhatsApp al 620 512 445.<br \/>De dilluns a dijous de 9:00 h a 18:00 h i divendres de 9:00 h a 13:00 h.<\/p>\n<\/div>\n<h1><strong>5. Devolucions per desistiment<\/strong><\/h1>\n<div>\n<p data-start=\"0\" data-end=\"363\" class=\"\">A Lancorett oferim serveis i productes personalitzats, per la qual cosa ens emmarquem dins de les excepcions estipulades per al dret de desistiment, segons estableix l&#8217;Article 103 del Reial decret legislatiu 1\/2007, de 16 de novembre, pel qual s&#8217;aprova el text ref\u00f3s de la Llei general per a la defensa dels consumidors i usuaris i altres lleis complement\u00e0ries.<\/p>\n<p data-start=\"365\" data-end=\"503\" class=\"\">Apartat C: \u00abEl subministrament de b\u00e9ns confeccionats conforme a les especificacions del consumidor i usuari o clarament personalitzats.\u00bb<\/p>\n<p data-start=\"505\" data-end=\"674\" class=\"\">Per tant, quedem exempts de l&#8217;obligatorietat de disposar d\u2019un formulari de desistiment, aix\u00ed com d\u2019oferir aquesta opci\u00f3 als usuaris, a causa del tipus de producte ofert.<\/p>\n<\/div>\n<h1><strong>6. Obligacions<\/strong><\/h1>\n<div>\n<p>Els usuaris de la plataforma es comprometen, amb car\u00e0cter general, al compliment de les presents condicions. Ens reservem el dret d&#8217;actualitzar o modificar aquestes condicions de manera immediata, sense necessitat d&#8217;av\u00eds previ ni d&#8217;establir terminis per justificar-ne la vig\u00e8ncia.<\/p>\n<\/div>\n<h1><strong>7. Seguretat<\/strong><\/h1>\n<div>\n<p data-start=\"0\" data-end=\"177\" class=\"\">La nostra web \u00e9s una plataforma en l\u00ednia de venda de productes. Treballem amb passarel\u00b7les de pagament totalment segures, i en aquest cas, utilitzem Getnet de Banc Santander.<\/p>\n<p data-start=\"179\" data-end=\"345\" class=\"\">Nosaltres nom\u00e9s tindrem acc\u00e9s a les dades que el client ens proporcioni exclusivament per efectuar la comanda, per\u00f2 en cap moment tindrem acc\u00e9s a les dades banc\u00e0ries.<\/p>\n<\/div>\n<p><!--more--><br \/>\n<!-- {\"type\":\"layout\",\"children\":[{\"type\":\"section\",\"props\":{\"image_position\":\"center-center\",\"padding\":\"small\",\"style\":\"default\",\"title_breakpoint\":\"xl\",\"title_position\":\"top-left\",\"title_rotation\":\"left\",\"vertical_align\":\"\",\"width\":\"default\"},\"children\":[{\"type\":\"row\",\"children\":[{\"type\":\"column\",\"props\":{\"image_position\":\"center-center\",\"position_sticky_breakpoint\":\"m\"},\"children\":[{\"type\":\"headline\",\"props\":{\"content\":\"Condicions d'\\u00fas\",\"text_align\":\"center\",\"title_element\":\"h1\",\"title_style\":\"h2\"}},{\"type\":\"headline\",\"props\":{\"content\":\"<strong>1. Responsabilitats<\\\/strong>\",\"text_align\":\"left\",\"title_element\":\"h1\",\"title_style\":\"h4\"}},{\"type\":\"text\",\"props\":{\"column_breakpoint\":\"m\",\"content\":\"\n\n<p data-start=\\\"0\\\" data-end=\\\"210\\\" class=\\\"\\\">El nostre lloc estar\\u00e0 exempt de tota responsabilitat pel que fa a la qualitat, velocitat i perman\\u00e8ncia de la p\\u00e0gina web, aix\\u00ed com de la informaci\\u00f3 facilitada per part dels usuaris i persones alienes a la web.<\\\/p>\\n\n\n<p data-start=\\\"212\\\" data-end=\\\"459\\\" class=\\\"\\\">Tampoc es far\\u00e0 responsable de les opinions aportades dins de la plataforma. D'altra banda, el client assumeix con\\u00e8ixer la informaci\\u00f3 i caracter\\u00edstiques dels productes adquirits i estar\\u00e0 d'acord amb la informaci\\u00f3 que apareix a tota la plataforma.<\\\/p>\\n\n\n<p data-start=\\\"461\\\" data-end=\\\"791\\\" class=\\\"\\\">Declara, a m\\u00e9s, que \\u00e9s una persona major d\\u2019edat (18 anys) segons la legislaci\\u00f3 vigent, que est\\u00e0 autoritzat per a l\\u2019\\u00fas del compte i el mitj\\u00e0 de pagament que hagi facilitat, que les dades subministrades durant el proc\\u00e9s s\\u00f3n correctes, aix\\u00ed com que sap i consent la recepci\\u00f3 del producte al lloc indicat durant el proc\\u00e9s de compra.<\\\/p>\\n\n\n<p data-start=\\\"793\\\" data-end=\\\"953\\\" class=\\\"\\\">Els nostres usuaris poden realitzar les comandes a trav\\u00e9s de la nostra <strong>p\\u00e0gina web, WhatsApp o trucant per tel\\u00e8fon<\\\/strong>, i els ajudarem a processar la seva comanda.<\\\/p>\\n\n\n<p data-start=\\\"955\\\" data-end=\\\"1364\\\" class=\\\"\\\">El preu dels productes apareixer\\u00e0 sempre en \\u00ab\\u20ac euros\\u00bb i inclour\\u00e0 els impostos d'IVA, per\\u00f2 no inclour\\u00e0 el preu del transport. Aquest es calcular\\u00e0 posteriorment abans de realitzar la comanda i es comunicar\\u00e0 al client. A m\\u00e9s, ens reservem el dret de modificar els preus dels productes sense previ av\\u00eds. Els serveis de lliurament es facturaran segons les tarifes vigents en el moment del registre de la comanda.<\\\/p>\\n\n\n<p data-start=\\\"1366\\\" data-end=\\\"1486\\\" class=\\\"\\\">El client haur\\u00e0 d'estar conforme i declarar\\u00e0 haver llegit i ent\\u00e8s tota la informaci\\u00f3 relativa als productes adquirits.<\\\/p>\\n\n\n<p data-start=\\\"1488\\\" data-end=\\\"1604\\\" class=\\\"\\\">Les despeses d'enviament s'inclouran en el preu final. Tots els costos es desglossaran durant el proc\\u00e9s de compra.<\\\/p>\\n\n\n<p data-start=\\\"1606\\\" data-end=\\\"1769\\\" class=\\\"\\\">Es podran utilitzar els m\\u00e8todes de pagament seg\\u00fcents: transfer\\u00e8ncia banc\\u00e0ria i Bizum. Alguns m\\u00e8todes de pagament podrien no estar disponibles de manera temporal.<\\\/p>\\n\n\n<p data-start=\\\"1771\\\" data-end=\\\"1877\\\" class=\\\"\\\">Enviarem una confirmaci\\u00f3 de la comanda per WhatsApp o correu electr\\u00f2nic un cop el client l'hagi efectuada.<\\\/p>\",\"margin\":\"default\",\"text_color\":\"success\"}}]}]},{\"type\":\"row\",\"children\":[{\"type\":\"column\",\"props\":{\"image_position\":\"center-center\",\"position_sticky_breakpoint\":\"m\"},\"children\":[{\"type\":\"headline\",\"props\":{\"content\":\"<strong>2. Disponibilitat<\\\/strong>\",\"text_align\":\"left\",\"title_element\":\"h1\",\"title_style\":\"h4\"}},{\"type\":\"text\",\"props\":{\"column_breakpoint\":\"m\",\"content\":\"\n\n<p>Informarem el client a trav\\u00e9s de WhatsApp o correu electr\\u00f2nic en cas d'indisponibilitat d'un producte despr\\u00e9s d'haver realitzat la comanda i es procedir\\u00e0 a l'anul\\u00b7laci\\u00f3 d\\u2019aquesta. La rapidesa de la devoluci\\u00f3 dependr\\u00e0 del tipus de m\\u00e8tode de pagament utilitzat pel client i de les condicions d\\u2019aquests.<\\\/p>\",\"margin\":\"default\",\"text_color\":\"success\"}}]}]},{\"type\":\"row\",\"children\":[{\"type\":\"column\",\"props\":{\"image_position\":\"center-center\",\"position_sticky_breakpoint\":\"m\"},\"children\":[{\"type\":\"headline\",\"props\":{\"content\":\"<strong>3. Descomptes i cupons<\\\/strong>\",\"text_align\":\"left\",\"title_element\":\"h1\",\"title_style\":\"h4\"}},{\"type\":\"text\",\"props\":{\"column_breakpoint\":\"m\",\"content\":\"\n\n<p>Els cupons de descompte no seran acumulables, amb un m\\u00e0xim d'un per comanda realitzada. S'oferiran cupons de descompte cada vegada que es faci una comanda. Cada cup\\u00f3 tindr\\u00e0 les seves pr\\u00f2pies normes d'\\u00fas i condicions.<\\\/p>\",\"margin\":\"default\",\"text_color\":\"success\"}}]}]},{\"type\":\"row\",\"children\":[{\"type\":\"column\",\"props\":{\"image_position\":\"center-center\",\"position_sticky_breakpoint\":\"m\"},\"children\":[{\"type\":\"headline\",\"props\":{\"content\":\"<strong>4. Devolucions<\\\/strong>\",\"text_align\":\"left\",\"title_element\":\"h1\",\"title_style\":\"h4\"}},{\"type\":\"text\",\"props\":{\"column_breakpoint\":\"m\",\"content\":\"\n\n<p>Es poden retornar tots els articles en un termini m\\u00e0xim de 15 dies des de la data de lliurament del producte.<br \\\/>S'han de retornar en perfecte estat, sense haver estat usats, amb l'etiqueta, el tiquet\\\/factura corresponent i l'embalatge original.<br \\\/>Un cop el producte arribi a les nostres instal\\u00b7lacions i si compleix les condicions abans exposades, li reemborsarem l'import de l'article en la mateixa forma en qu\\u00e8 hagi estat abonat en un termini de 14 dies laborables despr\\u00e9s de l'arribada del producte a la nostra central.<\\\/p>\\n\n\n<p>El cost del servei de recollida per devoluci\\u00f3 va a c\\u00e0rrec del client, i aquest import es descomptar\\u00e0 de la suma a reemborsar.<\\\/p>\\n\n\n<p>Per a m\\u00e9s informaci\\u00f3:<\\\/p>\\n\n\n<p>Envi\\u00ef un correu a info@lancorett.com o mitjan\\u00e7ant WhatsApp al 620 512 445.<br \\\/>De dilluns a dijous de 9:00 h a 18:00 h i divendres de 9:00 h a 13:00 h.<\\\/p>\",\"margin\":\"default\",\"text_color\":\"success\"}}]}]},{\"type\":\"row\",\"children\":[{\"type\":\"column\",\"props\":{\"image_position\":\"center-center\",\"position_sticky_breakpoint\":\"m\"},\"children\":[{\"type\":\"headline\",\"props\":{\"content\":\"<strong>5. Devolucions per desistiment<\\\/strong>\",\"text_align\":\"left\",\"title_element\":\"h1\",\"title_style\":\"h4\"}},{\"type\":\"text\",\"props\":{\"column_breakpoint\":\"m\",\"content\":\"\n\n<p data-start=\\\"0\\\" data-end=\\\"363\\\" class=\\\"\\\">A Lancorett oferim serveis i productes personalitzats, per la qual cosa ens emmarquem dins de les excepcions estipulades per al dret de desistiment, segons estableix l'Article 103 del Reial decret legislatiu 1\\\/2007, de 16 de novembre, pel qual s'aprova el text ref\\u00f3s de la Llei general per a la defensa dels consumidors i usuaris i altres lleis complement\\u00e0ries.<\\\/p>\\n\n\n<p data-start=\\\"365\\\" data-end=\\\"503\\\" class=\\\"\\\">Apartat C: \\u00abEl subministrament de b\\u00e9ns confeccionats conforme a les especificacions del consumidor i usuari o clarament personalitzats.\\u00bb<\\\/p>\\n\n\n<p data-start=\\\"505\\\" data-end=\\\"674\\\" class=\\\"\\\">Per tant, quedem exempts de l'obligatorietat de disposar d\\u2019un formulari de desistiment, aix\\u00ed com d\\u2019oferir aquesta opci\\u00f3 als usuaris, a causa del tipus de producte ofert.<\\\/p>\",\"margin\":\"default\",\"text_color\":\"success\"}}]}]},{\"type\":\"row\",\"children\":[{\"type\":\"column\",\"props\":{\"image_position\":\"center-center\",\"position_sticky_breakpoint\":\"m\"},\"children\":[{\"type\":\"headline\",\"props\":{\"content\":\"<strong>6. Obligacions<\\\/strong>\",\"text_align\":\"left\",\"title_element\":\"h1\",\"title_style\":\"h4\"}},{\"type\":\"text\",\"props\":{\"column_breakpoint\":\"m\",\"content\":\"\n\n<p>Els usuaris de la plataforma es comprometen, amb car\\u00e0cter general, al compliment de les presents condicions. Ens reservem el dret d'actualitzar o modificar aquestes condicions de manera immediata, sense necessitat d'av\\u00eds previ ni d'establir terminis per justificar-ne la vig\\u00e8ncia.<\\\/p>\",\"margin\":\"default\",\"text_color\":\"success\"}}]}]},{\"type\":\"row\",\"children\":[{\"type\":\"column\",\"props\":{\"image_position\":\"center-center\",\"position_sticky_breakpoint\":\"m\"},\"children\":[{\"type\":\"headline\",\"props\":{\"content\":\"<strong>7. Seguretat<\\\/strong>\",\"text_align\":\"left\",\"title_element\":\"h1\",\"title_style\":\"h4\"}},{\"type\":\"text\",\"props\":{\"column_breakpoint\":\"m\",\"content\":\"\n\n<p data-start=\\\"0\\\" data-end=\\\"177\\\" class=\\\"\\\">La nostra web \\u00e9s una plataforma en l\\u00ednia de venda de productes. Treballem amb passarel\\u00b7les de pagament totalment segures, i en aquest cas, utilitzem Getnet de Banc Santander.<\\\/p>\\n\n\n<p data-start=\\\"179\\\" data-end=\\\"345\\\" class=\\\"\\\">Nosaltres nom\\u00e9s tindrem acc\\u00e9s a les dades que el client ens proporcioni exclusivament per efectuar la comanda, per\\u00f2 en cap moment tindrem acc\\u00e9s a les dades banc\\u00e0ries.<\\\/p>\",\"margin\":\"default\",\"text_color\":\"success\"}}]}]}],\"name\":\"Contingut\"}],\"version\":\"4.5.11\"} --><\/p>\n","protected":false},"excerpt":{"rendered":"<p>Condicions d&#8217;\u00fas 1. Responsabilitats El nostre lloc estar\u00e0 exempt de tota responsabilitat pel que fa a la qualitat, velocitat i perman\u00e8ncia de la p\u00e0gina web, aix\u00ed com de la informaci\u00f3 facilitada per part dels usuaris i persones alienes a la web. Tampoc es far\u00e0 responsable de les opinions aportades dins de la plataforma. D&#8217;altra banda, [&hellip;]<\/p>\n","protected":false},"author":1,"featured_media":0,"parent":0,"menu_order":0,"comment_status":"closed","ping_status":"closed","template":"","meta":{"footnotes":""},"class_list":["post-19477","page","type-page","status-publish","hentry"],"_links":{"self":[{"href":"https:\/\/lancorett.com\/ca\/wp-json\/wp\/v2\/pages\/19477","targetHints":{"allow":["GET"]}}],"collection":[{"href":"https:\/\/lancorett.com\/ca\/wp-json\/wp\/v2\/pages"}],"about":[{"href":"https:\/\/lancorett.com\/ca\/wp-json\/wp\/v2\/types\/page"}],"author":[{"embeddable":true,"href":"https:\/\/lancorett.com\/ca\/wp-json\/wp\/v2\/users\/1"}],"replies":[{"embeddable":true,"href":"https:\/\/lancorett.com\/ca\/wp-json\/wp\/v2\/comments?post=19477"}],"version-history":[{"count":0,"href":"https:\/\/lancorett.com\/ca\/wp-json\/wp\/v2\/pages\/19477\/revisions"}],"wp:attachment":[{"href":"https:\/\/lancorett.com\/ca\/wp-json\/wp\/v2\/media?parent=19477"}],"curies":[{"name":"wp","href":"https:\/\/api.w.org\/{rel}","templated":true}]}}