{"id":18143,"date":"2024-05-19T21:19:22","date_gmt":"2024-05-19T19:19:22","guid":{"rendered":"https:\/?page_id=18143"},"modified":"2024-12-04T13:14:27","modified_gmt":"2024-12-04T12:14:27","slug":"sobre-nosaltres","status":"publish","type":"page","link":"https:\/\/lancorett.com\/ca\/sobre-nosaltres\/","title":{"rendered":"Sobre nosaltres"},"content":{"rendered":"<h1>Sobre nosaltres<\/h1>\n<h2>Atreveix-te a liderar cada partit!<\/h2>\n<h1>Sobre nosaltres<\/h1>\n<h2>Atreveix-te a liderar cada partit!<\/h2>\n<div>\n<p>        <img decoding=\"async\" src=\"\/wp-content\/uploads\/2024\/09\/esencia-mediterranea.webp\" alt=\"\"><\/p>\n<h2>L&#8217;ess\u00e8ncia mediterr\u00e0nia, font d&#8217;inspiraci\u00f3<\/h2>\n<div>\n<p class=\"text-white\">El concepte Lancorett neix durant les nostres escapades amb veler per les cales de la Costa Brava.<br \/>Escapades sota la matinada que ens regalen paisatges plens de color, tranquil\u00b7litat i harmonia. Un entorn m\u00e0gic que ens convida a crear petites col\u00b7leccions atemporals plenes de l&#8217;ess\u00e8ncia mediterr\u00e0nia.<\/p>\n<\/div>\n<\/div>\n<div>\n<p>        <img decoding=\"async\" src=\"\/wp-content\/uploads\/2024\/05\/manga-larga-coris-padel-mujer.webp\" alt=\"\"><\/p>\n<h2>Bellesa femenina reflectida en roba elegant i passional<\/h2>\n<div>\n<p class=\"text-blue\">Lancorett \u00e9s una marca slow-fashion creada per integrar la moda al p\u00e0del i inspirar un estil de vida saludable i responsable amb el medi ambient.<br \/>Apostem per reinventar el concepte actual de pe\u00e7a esportiva, creant col\u00b7leccions limitades busquen la sinergia total en el cos femen\u00ed&#8230; creant una segona pell per les esportistes.<\/p>\n<\/div>\n<\/div>\n<div>\n<p>        <img decoding=\"async\" src=\"\/wp-content\/uploads\/2024\/11\/conjunto-padel-elegante-ancolie-500x750-1-1.webp\" alt=\"\"><\/p>\n<h2>Dissenys \u00fanics i exclusius<\/h2>\n<div>\n<p class=\"text-blue\">Oferim col\u00b7leccions de roba de p\u00e0del i tennis exclusives, atemporals i amb un estil \u00fanic i innovador. Van dirigides a totes les esportistes entusiastes de la moda que decideixin fer un pas endavant lluint impressionants peces tamb\u00e9 mentre practiquen esport.<\/p>\n<\/div>\n<\/div>\n<div>\n<p>        <img decoding=\"async\" src=\"\/wp-content\/uploads\/2024\/11\/ropa-fabricada-en-barcelona.webp\" alt=\"\"><\/p>\n<h2>Roba confeccionada a Barcelona<\/h2>\n<div>\n<p class=\"text-blue\">Dissenyem i confeccionem tota la roba a la prov\u00edncia de Barcelona, col\u00b7laborant \u00fanicament amb negocis nacionals i donant valor a tots els integrants de la cadena de producci\u00f3. L&#8217;origen nacional ens permet garantir la qualitat de les peces en tot el seu proc\u00e9s de producci\u00f3, a la vegada que supervisem estrictament el compliment dels est\u00e0ndards \u00e8tics exigits.<\/p>\n<\/div>\n<\/div>\n<div>\n<p>        <img decoding=\"async\" src=\"\/wp-content\/uploads\/2024\/05\/camiseta_tirantes_padel_mujer_silene.webp\" alt=\"\"><\/p>\n<h2>Confia en tu mateixa, sigues valenta, arrisca<\/h2>\n<div>\n<p class=\"text-blue\">A Lancorett busquem la satisfacci\u00f3 absoluta de les esportistes en vestir els nostres models.<br \/>No oferim \u00fanicament una pe\u00e7a adaptada al rendiment esportiu, sin\u00f3 l&#8217;oportunitat de marcar la difer\u00e8ncia dins i fora de la pista.<\/p>\n<\/div>\n<\/div>\n<p><!--more--><br \/>\n<!-- {\"type\":\"layout\",\"children\":[{\"name\":\"Portada Pc\",\"type\":\"section\",\"props\":{\"animation\":\"slide-bottom-medium\",\"animation_delay\":\"200\",\"height\":\"pixels\",\"height_viewport\":850,\"image\":\"wp-content\\\/uploads\\\/2024\\\/11\\\/sobre-nosotras-lancorett-1-scaled.webp\",\"image_loading\":true,\"image_position\":\"center-center\",\"image_size\":\"cover\",\"media\":\"images\\\/service-header.jpg\",\"media_overlay\":\"rgba(0, 0, 0, 0.2)\",\"overlap\":true,\"padding\":\"xlarge\",\"style\":\"secondary\",\"title_breakpoint\":\"xl\",\"title_position\":\"top-left\",\"title_rotation\":\"left\",\"vertical_align\":\"middle\",\"width\":\"default\"},\"children\":[{\"type\":\"row\",\"children\":[{\"type\":\"column\",\"props\":{\"image_position\":\"center-center\",\"position_sticky_breakpoint\":\"m\",\"width_medium\":\"1-1\"},\"children\":[{\"type\":\"headline\",\"props\":{\"content\":\"Sobre nosaltres\",\"margin\":\"small\",\"text_align\":\"center\",\"title_element\":\"h1\",\"title_style\":\"h2\",\"visibility\":\"l\"}},{\"type\":\"headline\",\"props\":{\"content\":\"Atreveix-te a liderar cada partit!\",\"margin\":\"small\",\"text_align\":\"center\",\"title_element\":\"h2\",\"title_style\":\"h4\",\"visibility\":\"l\"}}]}]}]},{\"name\":\"Portada m\\u00f2bil\",\"type\":\"section\",\"props\":{\"animation\":\"slide-bottom-medium\",\"animation_delay\":\"200\",\"height\":\"pixels\",\"height_viewport\":850,\"image\":\"wp-content\\\/uploads\\\/2024\\\/11\\\/sobre-nosotras-movil-2.webp\",\"image_loading\":true,\"image_position\":\"center-center\",\"image_size\":\"cover\",\"media\":\"images\\\/service-header.jpg\",\"media_overlay\":\"rgba(0, 0, 0, 0.2)\",\"overlap\":true,\"padding\":\"xlarge\",\"style\":\"secondary\",\"title_breakpoint\":\"xl\",\"title_position\":\"top-left\",\"title_rotation\":\"left\",\"vertical_align\":\"middle\",\"width\":\"default\"},\"children\":[{\"type\":\"row\",\"children\":[{\"type\":\"column\",\"props\":{\"image_position\":\"center-center\",\"position_sticky_breakpoint\":\"m\",\"width_medium\":\"1-1\"},\"children\":[{\"type\":\"headline\",\"props\":{\"content\":\"Sobre nosaltres\",\"margin\":\"small\",\"text_align\":\"center\",\"title_element\":\"h1\",\"title_style\":\"h2\",\"visibility\":\"hidden-l\"}},{\"type\":\"headline\",\"props\":{\"content\":\"Atreveix-te a liderar cada partit!\",\"margin\":\"small\",\"text_align\":\"center\",\"title_element\":\"h2\",\"title_style\":\"h4\",\"visibility\":\"hidden-l\"}}]}]}]},{\"type\":\"section\",\"props\":{\"image\":\"wp-content\\\/uploads\\\/blog-bg.svg\",\"image_effect\":\"parallax\",\"image_parallax_bgx\":\"-250,250\",\"image_parallax_bgy\":\"-340,0\",\"image_parallax_easing\":\"1\",\"image_position\":\"center-center\",\"image_width\":\"2300\",\"padding\":\"small\",\"style\":\"default\",\"title_breakpoint\":\"xl\",\"title_position\":\"top-left\",\"title_rotation\":\"left\",\"vertical_align\":\"\",\"width\":\"large\"},\"children\":[{\"type\":\"row\",\"children\":[{\"type\":\"column\",\"props\":{\"image_position\":\"top-center\",\"image_size\":\"contain\",\"position_sticky_breakpoint\":\"m\"},\"children\":[{\"type\":\"panel\",\"props\":{\"animation\":\"parallax\",\"content\":\"\n\n<p class=\\\"text-white\\\">El concepte Lancorett neix durant les nostres escapades amb veler per les cales de la Costa Brava.<br \\\/>Escapades sota la matinada que ens regalen paisatges plens de color, tranquil\\u00b7litat i harmonia. Un entorn m\\u00e0gic que ens convida a crear petites col\\u00b7leccions atemporals plenes de l'ess\\u00e8ncia mediterr\\u00e0nia.<\\\/p>\",\"content_column_breakpoint\":\"m\",\"height_expand\":true,\"html_element\":\"article\",\"icon_width\":80,\"image\":\"wp-content\\\/uploads\\\/2024\\\/09\\\/esencia-mediterranea.webp\",\"image_align\":\"left\",\"image_grid_breakpoint\":\"m\",\"image_grid_column_gap\":\"large\",\"image_grid_width\":\"3-5\",\"image_height\":\"780\",\"image_link\":true,\"image_loading\":false,\"image_svg_color\":\"emphasis\",\"image_vertical_align\":true,\"image_width\":\"910\",\"link_style\":\"text\",\"link_text\":\"\",\"margin\":\"default\",\"margin_remove_top\":false,\"meta\":\"\",\"meta_align\":\"below-title\",\"meta_color\":\"primary\",\"meta_element\":\"div\",\"meta_margin\":\"small\",\"meta_style\":\"text-lead\",\"panel_image_no_padding\":true,\"panel_padding\":\"default\",\"panel_style\":\"card-primary\",\"parallax_breakpoint\":\"l\",\"parallax_easing\":\"1\",\"parallax_x\":\"-220,0\",\"title\":\"L'ess\\u00e8ncia mediterr\\u00e0nia, font d'inspiraci\\u00f3\",\"title_align\":\"top\",\"title_color\":\"primary\",\"title_element\":\"h2\",\"title_grid_breakpoint\":\"m\",\"title_grid_width\":\"1-2\",\"title_hover_style\":\"reset\",\"title_link\":true,\"title_style\":\"h4\"}},{\"type\":\"panel\",\"props\":{\"animation\":\"parallax\",\"content\":\"\n\n<p class=\\\"text-blue\\\">Lancorett \\u00e9s una marca slow-fashion creada per integrar la moda al p\\u00e0del i inspirar un estil de vida saludable i responsable amb el medi ambient.<br \\\/>Apostem per reinventar el concepte actual de pe\\u00e7a esportiva, creant col\\u00b7leccions limitades busquen la sinergia total en el cos femen\\u00ed... creant una segona pell per les esportistes.<\\\/p>\",\"content_column_breakpoint\":\"m\",\"height_expand\":true,\"html_element\":\"article\",\"icon_width\":80,\"image\":\"wp-content\\\/uploads\\\/2024\\\/05\\\/manga-larga-coris-padel-mujer.webp\",\"image_align\":\"right\",\"image_grid_breakpoint\":\"m\",\"image_grid_column_gap\":\"large\",\"image_grid_width\":\"3-5\",\"image_height\":\"780\",\"image_link\":true,\"image_svg_color\":\"emphasis\",\"image_vertical_align\":true,\"image_width\":\"910\",\"link_style\":\"text\",\"link_text\":\"\",\"margin\":\"large\",\"margin_remove_top\":false,\"meta\":\"\",\"meta_align\":\"below-title\",\"meta_color\":\"success\",\"meta_element\":\"div\",\"meta_margin\":\"small\",\"meta_style\":\"text-lead\",\"panel_image_no_padding\":true,\"panel_padding\":\"default\",\"panel_style\":\"card-default\",\"parallax_breakpoint\":\"l\",\"parallax_easing\":\"1\",\"parallax_x\":\"220,0\",\"title\":\"Bellesa femenina reflectida en roba elegant i passional\",\"title_align\":\"top\",\"title_color\":\"primary\",\"title_element\":\"h2\",\"title_grid_breakpoint\":\"m\",\"title_grid_width\":\"1-2\",\"title_hover_style\":\"reset\",\"title_link\":true,\"title_style\":\"h4\"}},{\"type\":\"panel\",\"props\":{\"animation\":\"parallax\",\"content\":\"\n\n<p class=\\\"text-blue\\\">Oferim col\\u00b7leccions de roba de p\\u00e0del i tennis exclusives, atemporals i amb un estil \\u00fanic i innovador. Van dirigides a totes les esportistes entusiastes de la moda que decideixin fer un pas endavant lluint impressionants peces tamb\\u00e9 mentre practiquen esport.<\\\/p>\",\"content_column_breakpoint\":\"m\",\"height_expand\":true,\"html_element\":\"article\",\"icon_width\":80,\"image\":\"wp-content\\\/uploads\\\/2024\\\/11\\\/conjunto-padel-elegante-ancolie-500x750-1-1.webp\",\"image_align\":\"left\",\"image_grid_breakpoint\":\"m\",\"image_grid_column_gap\":\"large\",\"image_grid_width\":\"3-5\",\"image_height\":\"780\",\"image_link\":true,\"image_svg_color\":\"emphasis\",\"image_vertical_align\":true,\"image_width\":\"910\",\"link_style\":\"text\",\"link_text\":\"\",\"margin\":\"default\",\"margin_remove_top\":false,\"meta\":\"\",\"meta_align\":\"below-title\",\"meta_color\":\"success\",\"meta_element\":\"div\",\"meta_margin\":\"small\",\"meta_style\":\"text-lead\",\"panel_image_no_padding\":true,\"panel_padding\":\"default\",\"panel_style\":\"card-secondary\",\"parallax_breakpoint\":\"l\",\"parallax_easing\":\"1\",\"parallax_x\":\"-220,0\",\"title\":\"Dissenys \\u00fanics i exclusius\",\"title_align\":\"top\",\"title_color\":\"success\",\"title_element\":\"h2\",\"title_grid_breakpoint\":\"m\",\"title_grid_width\":\"1-2\",\"title_hover_style\":\"reset\",\"title_link\":true,\"title_style\":\"h4\"}},{\"type\":\"panel\",\"props\":{\"animation\":\"parallax\",\"content\":\"\n\n<p class=\\\"text-blue\\\">Dissenyem i confeccionem tota la roba a la prov\\u00edncia de Barcelona, col\\u00b7laborant \\u00fanicament amb negocis nacionals i donant valor a tots els integrants de la cadena de producci\\u00f3. L'origen nacional ens permet garantir la qualitat de les peces en tot el seu proc\\u00e9s de producci\\u00f3, a la vegada que supervisem estrictament el compliment dels est\\u00e0ndards \\u00e8tics exigits.<\\\/p>\",\"content_column_breakpoint\":\"m\",\"height_expand\":true,\"html_element\":\"article\",\"icon_width\":80,\"image\":\"wp-content\\\/uploads\\\/2024\\\/11\\\/ropa-fabricada-en-barcelona.webp\",\"image_align\":\"right\",\"image_grid_breakpoint\":\"m\",\"image_grid_column_gap\":\"large\",\"image_grid_width\":\"3-5\",\"image_height\":\"780\",\"image_link\":true,\"image_svg_color\":\"emphasis\",\"image_vertical_align\":true,\"image_width\":\"910\",\"link_style\":\"text\",\"link_text\":\"\",\"margin\":\"large\",\"margin_remove_top\":false,\"meta\":\"\",\"meta_align\":\"below-title\",\"meta_color\":\"success\",\"meta_element\":\"div\",\"meta_margin\":\"small\",\"meta_style\":\"text-lead\",\"panel_image_no_padding\":true,\"panel_padding\":\"default\",\"panel_style\":\"card-default\",\"parallax_breakpoint\":\"l\",\"parallax_easing\":\"1\",\"parallax_x\":\"220,0\",\"title\":\"Roba confeccionada a Barcelona\",\"title_align\":\"top\",\"title_color\":\"primary\",\"title_element\":\"h2\",\"title_grid_breakpoint\":\"m\",\"title_grid_width\":\"1-2\",\"title_hover_style\":\"reset\",\"title_link\":true,\"title_style\":\"h4\"}},{\"type\":\"panel\",\"props\":{\"animation\":\"parallax\",\"content\":\"\n\n<p class=\\\"text-blue\\\">A Lancorett busquem la satisfacci\\u00f3 absoluta de les esportistes en vestir els nostres models.<br \\\/>No oferim \\u00fanicament una pe\\u00e7a adaptada al rendiment esportiu, sin\\u00f3 l'oportunitat de marcar la difer\\u00e8ncia dins i fora de la pista.<\\\/p>\",\"content_column_breakpoint\":\"m\",\"height_expand\":true,\"html_element\":\"article\",\"icon_width\":80,\"image\":\"wp-content\\\/uploads\\\/2024\\\/05\\\/camiseta_tirantes_padel_mujer_silene.webp\",\"image_align\":\"left\",\"image_grid_breakpoint\":\"m\",\"image_grid_column_gap\":\"large\",\"image_grid_width\":\"3-5\",\"image_height\":\"780\",\"image_link\":true,\"image_loading\":false,\"image_svg_color\":\"emphasis\",\"image_vertical_align\":true,\"image_width\":\"910\",\"link_style\":\"text\",\"link_text\":\"\",\"margin\":\"default\",\"margin_remove_top\":false,\"meta\":\"\",\"meta_align\":\"below-title\",\"meta_color\":\"success\",\"meta_element\":\"div\",\"meta_margin\":\"small\",\"meta_style\":\"text-lead\",\"panel_image_no_padding\":true,\"panel_padding\":\"default\",\"panel_style\":\"card-secondary\",\"parallax_breakpoint\":\"l\",\"parallax_easing\":\"1\",\"parallax_x\":\"-220,0\",\"title\":\"Confia en tu mateixa, sigues valenta, arrisca\",\"title_align\":\"top\",\"title_color\":\"success\",\"title_element\":\"h2\",\"title_grid_breakpoint\":\"m\",\"title_grid_width\":\"1-2\",\"title_hover_style\":\"reset\",\"title_link\":true,\"title_style\":\"h4\"}}]}]}],\"name\":\"Totes les seccions\"}],\"version\":\"4.4.16\"} --><\/p>\n","protected":false},"excerpt":{"rendered":"<p>Sobre nosaltres Atreveix-te a liderar cada partit! Sobre nosaltres Atreveix-te a liderar cada partit! L&#8217;ess\u00e8ncia mediterr\u00e0nia, font d&#8217;inspiraci\u00f3 El concepte Lancorett neix durant les nostres escapades amb veler per les cales de la Costa Brava.Escapades sota la matinada que ens regalen paisatges plens de color, tranquil\u00b7litat i harmonia. Un entorn m\u00e0gic que ens convida a [&hellip;]<\/p>\n","protected":false},"author":1,"featured_media":0,"parent":0,"menu_order":0,"comment_status":"closed","ping_status":"closed","template":"","meta":{"footnotes":""},"class_list":["post-18143","page","type-page","status-publish","hentry"],"_links":{"self":[{"href":"https:\/\/lancorett.com\/ca\/wp-json\/wp\/v2\/pages\/18143","targetHints":{"allow":["GET"]}}],"collection":[{"href":"https:\/\/lancorett.com\/ca\/wp-json\/wp\/v2\/pages"}],"about":[{"href":"https:\/\/lancorett.com\/ca\/wp-json\/wp\/v2\/types\/page"}],"author":[{"embeddable":true,"href":"https:\/\/lancorett.com\/ca\/wp-json\/wp\/v2\/users\/1"}],"replies":[{"embeddable":true,"href":"https:\/\/lancorett.com\/ca\/wp-json\/wp\/v2\/comments?post=18143"}],"version-history":[{"count":0,"href":"https:\/\/lancorett.com\/ca\/wp-json\/wp\/v2\/pages\/18143\/revisions"}],"wp:attachment":[{"href":"https:\/\/lancorett.com\/ca\/wp-json\/wp\/v2\/media?parent=18143"}],"curies":[{"name":"wp","href":"https:\/\/api.w.org\/{rel}","templated":true}]}}