{"id":17677,"date":"2024-05-04T13:15:30","date_gmt":"2024-05-04T11:15:30","guid":{"rendered":"https:\/?page_id=17677"},"modified":"2024-11-18T17:09:20","modified_gmt":"2024-11-18T16:09:20","slug":"politica-de-privadesa-i-galetes","status":"publish","type":"page","link":"https:\/\/lancorett.com\/ca\/politica-de-privadesa-i-galetes\/","title":{"rendered":"Pol\u00edtica de privadesa i galetes"},"content":{"rendered":"<h1>Pol\u00edtica de privadesa i cookies<\/h1>\n<h1>Responsable de la web i de les dades que es recopilen<\/h1>\n<div>\n<p><a href=\"https:\">https:<\/a> \u00e9s propietat i responsabilitat de <strong>NOSTRUM SEAFOOD, SL<\/strong> amb domicili al Carrer Ram\u00f3n y Cajal 26, 1r-1a, 08440, Cardedeu, amb NIF B63888622, tel\u00e8fon <a href=\"tel:+34938712028\">+34 938 71 20 28<\/a> i correu electr\u00f2nic <a href=\"mailto:info@\">info@<\/a>.<\/p>\n<p>Aquesta Pol\u00edtica de Privadesa estableix els termes en qu\u00e8 Lancorett utilitza i protegeix la informaci\u00f3 que els seus usuaris proporcionen en el moment d&#8217;utilitzar el vostre lloc web. Aquesta companyia est\u00e0 compromesa amb la seguretat de les dades dels usuaris. Quan us demanem omplir els camps d&#8217;informaci\u00f3 personal amb la qual pugueu ser identificat, ho fem assegurant que nom\u00e9s s&#8217;emprar\u00e0 d&#8217;acord amb els termes d&#8217;aquest document. No obstant aix\u00f2, aquesta Pol\u00edtica de Privadesa pot canviar amb el temps o ser actualitzada pel que us recomanem i emfatitzem revisar cont\u00ednuament aquesta p\u00e0gina per assegurar-se que est\u00e0 d&#8217;acord amb aquests canvis.<\/p>\n<\/div>\n<h1>Informaci\u00f3 que \u00e9s recollida<\/h1>\n<div>\n<p>El nostre lloc web podr\u00e0 recollir informaci\u00f3 personal, per exemple: Nom, informaci\u00f3 de contacte com la vostra adre\u00e7a de correu electr\u00f2nic i informaci\u00f3 demogr\u00e0fica. Aix\u00ed mateix, quan sigui necessari, podr\u00e0 ser requerida informaci\u00f3 espec\u00edfica per processar alguna comanda o fer un lliurament o facturaci\u00f3.<\/p>\n<\/div>\n<h1>\u00das de la informaci\u00f3 recollida<\/h1>\n<div>\n<p>El nostre lloc web empra la informaci\u00f3 per a proporcionar el millor servei possible, particularment per mantenir un registre d&#8217;usuaris, de comandes en cas que apliqui, i millorar els nostres productes i serveis. \u00c9s possible que siguin enviats correus electr\u00f2nics peri\u00f2dicament a trav\u00e9s del nostre lloc amb ofertes especials, nous productes i altra informaci\u00f3 publicit\u00e0ria que considerem rellevant per a vost\u00e8 o que pugui oferir algun benefici, aquests correus electr\u00f2nics seran enviats a l&#8217;adre\u00e7a que vost\u00e8 proporcioni i podran ser cancel\u00b7lats en qualsevol moment.<\/p>\n<p>Lancorett est\u00e0 altament comprom\u00e8s per complir amb el comprom\u00eds de mantenir la vostra informaci\u00f3 segura. Fem servir els sistemes m\u00e9s avan\u00e7ats i els actualitzem constantment per assegurar-nos que no hi hagi cap acc\u00e9s no autoritzat.<\/p>\n<\/div>\n<h1>Galetes<\/h1>\n<div>\n<p>Una galeta es refereix a un fitxer que \u00e9s enviat amb la finalitat de sol\u00b7licitar perm\u00eds per emmagatzemar-se al vostre ordinador, en acceptar aquest fitxer es crea i la galeta serveix llavors per tenir informaci\u00f3 respecte al tr\u00e0nsit web, i tamb\u00e9 facilita les futures visites a una web recurrent. Una altra funci\u00f3 que tenen les galetes \u00e9s que amb elles les webs et poden recon\u00e8ixer individualment i, per tant, brindar-te el millor servei personalitzat de la seva web.<\/p>\n<p>El nostre lloc web utilitza les galetes per poder identificar les p\u00e0gines que s\u00f3n visitades i la seva freq\u00fc\u00e8ncia. Aquesta informaci\u00f3 \u00e9s emprada \u00fanicament per a an\u00e0lisi estad\u00edstica i despr\u00e9s la informaci\u00f3 s&#8217;elimina de manera permanent. Vost\u00e8 pot eliminar les galetes en qualsevol moment des del vostre ordinador.<\/p>\n<p>No obstant aix\u00f2, les galetes ajuden a proporcionar un millor servei dels llocs web, aquestes no donen acc\u00e9s a informaci\u00f3 del vostre ordinador ni de vost\u00e8, tret que vost\u00e8 aix\u00ed ho vulgui i la proporcioni directament. Vost\u00e8 pot acceptar o negar l&#8217;\u00fas de galetes, per\u00f2, la majoria dels navegadors accepten galetes autom\u00e0ticament, ja que serveix per tenir un millor servei web. Tamb\u00e9 podeu canviar la configuraci\u00f3 del vostre ordinador per declinar les galetes. Si es declinen \u00e9s possible que no pugueu utilitzar alguns dels nostres serveis.<\/p>\n<\/div>\n<h1>Enlla\u00e7os a tercers<\/h1>\n<div>\n<p>Aquest lloc web podria contenir enlla\u00e7os a altres llocs que puguin ser del seu inter\u00e8s. Quan vost\u00e8 de clic en aquests enlla\u00e7os i abandoni la nostra p\u00e0gina, ja no tenim control sobre el lloc al qual \u00e9s redirigit i, per tant, no som responsables dels termes o privadesa ni de la protecci\u00f3 de les seves dades en aquests altres llocs tercers. Aquests llocs estan subjectes a les seves pr\u00f2pies pol\u00edtiques de privadesa, per la qual cosa \u00e9s recomanable que els consulteu per confirmar que vost\u00e8 est\u00e0 d&#8217;acord amb aquestes.<\/p>\n<\/div>\n<h1>Control de la vostra informaci\u00f3 personal<\/h1>\n<div>\n<p>En qualsevol moment, vost\u00e8 pot restringir la recopilaci\u00f3 o l&#8217;\u00fas de la informaci\u00f3 personal que \u00e9s proporcionada al nostre lloc web. Cada vegada que se us demani omplir un formulari, com el d&#8217;alta d&#8217;usuari, podeu marcar o desmarcar l&#8217;opci\u00f3 de rebre informaci\u00f3 per correu electr\u00f2nic. En cas que h\u00e0giu marcat l&#8217;opci\u00f3 de rebre el nostre butllet\u00ed o publicitat, podeu cancel\u00b7lar-la en qualsevol moment.<\/p>\n<p>Aquesta companyia no vendr\u00e0, cedir\u00e0 ni distribuir\u00e0 la informaci\u00f3 personal que \u00e9s recopilada sense el seu consentiment, llevat que sigui requerit per un jutge amb un ordre judicial.<\/p>\n<p>Lancorett Es reserva el dret de canviar els termes de la present Pol\u00edtica de Privadesa en qualsevol moment.<\/p>\n<\/div>\n<p><!--more--><br \/>\n<!-- {\"type\":\"layout\",\"children\":[{\"type\":\"section\",\"props\":{\"image_position\":\"center-center\",\"padding\":\"small\",\"style\":\"default\",\"title_breakpoint\":\"xl\",\"title_position\":\"top-left\",\"title_rotation\":\"left\",\"vertical_align\":\"\",\"width\":\"default\"},\"children\":[{\"type\":\"row\",\"children\":[{\"type\":\"column\",\"props\":{\"image_position\":\"center-center\",\"position_sticky_breakpoint\":\"m\"},\"children\":[{\"type\":\"headline\",\"props\":{\"content\":\"Pol\\u00edtica de privadesa i cookies\",\"text_align\":\"center\",\"title_color\":\"primary\",\"title_element\":\"h1\",\"title_style\":\"h2\"}},{\"type\":\"headline\",\"props\":{\"content\":\"Responsable de la web i de les dades que es recopilen\",\"title_color\":\"primary\",\"title_element\":\"h1\",\"title_style\":\"h3\"}},{\"type\":\"text\",\"props\":{\"column_breakpoint\":\"m\",\"content\":\"\n\n<p><a href=\\\"https:\\\">https:<\\\/a> \\u00e9s propietat i responsabilitat de <strong>NOSTRUM SEAFOOD, SL<\\\/strong> amb domicili al Carrer Ram\\u00f3n y Cajal 26, 1r-1a, 08440, Cardedeu, amb NIF B63888622, tel\\u00e8fon <a href=\\\"tel:+34938712028\\\">+34 938 71 20 28<\\\/a> i correu electr\\u00f2nic <a href=\\\"mailto:info@\\\">info@<\\\/a>.<\\\/p>\\n\n\n<p>Aquesta Pol\\u00edtica de Privadesa estableix els termes en qu\\u00e8 Lancorett utilitza i protegeix la informaci\\u00f3 que els seus usuaris proporcionen en el moment d'utilitzar el vostre lloc web. Aquesta companyia est\\u00e0 compromesa amb la seguretat de les dades dels usuaris. Quan us demanem omplir els camps d'informaci\\u00f3 personal amb la qual pugueu ser identificat, ho fem assegurant que nom\\u00e9s s'emprar\\u00e0 d'acord amb els termes d'aquest document. No obstant aix\\u00f2, aquesta Pol\\u00edtica de Privadesa pot canviar amb el temps o ser actualitzada pel que us recomanem i emfatitzem revisar cont\\u00ednuament aquesta p\\u00e0gina per assegurar-se que est\\u00e0 d'acord amb aquests canvis.<\\\/p>\",\"margin\":\"default\",\"text_color\":\"success\"}},{\"type\":\"headline\",\"props\":{\"content\":\"Informaci\\u00f3 que \\u00e9s recollida\",\"title_color\":\"primary\",\"title_element\":\"h1\",\"title_style\":\"h3\"}},{\"type\":\"text\",\"props\":{\"column_breakpoint\":\"m\",\"content\":\"\n\n<p>El nostre lloc web podr\\u00e0 recollir informaci\\u00f3 personal, per exemple: Nom, informaci\\u00f3 de contacte com la vostra adre\\u00e7a de correu electr\\u00f2nic i informaci\\u00f3 demogr\\u00e0fica. Aix\\u00ed mateix, quan sigui necessari, podr\\u00e0 ser requerida informaci\\u00f3 espec\\u00edfica per processar alguna comanda o fer un lliurament o facturaci\\u00f3.<\\\/p>\",\"margin\":\"default\",\"text_color\":\"success\"}},{\"type\":\"headline\",\"props\":{\"content\":\"\\u00das de la informaci\\u00f3 recollida\",\"title_color\":\"primary\",\"title_element\":\"h1\",\"title_style\":\"h3\"}},{\"type\":\"text\",\"props\":{\"column_breakpoint\":\"m\",\"content\":\"\n\n<p>El nostre lloc web empra la informaci\\u00f3 per a proporcionar el millor servei possible, particularment per mantenir un registre d'usuaris, de comandes en cas que apliqui, i millorar els nostres productes i serveis. \\u00c9s possible que siguin enviats correus electr\\u00f2nics peri\\u00f2dicament a trav\\u00e9s del nostre lloc amb ofertes especials, nous productes i altra informaci\\u00f3 publicit\\u00e0ria que considerem rellevant per a vost\\u00e8 o que pugui oferir algun benefici, aquests correus electr\\u00f2nics seran enviats a l'adre\\u00e7a que vost\\u00e8 proporcioni i podran ser cancel\\u00b7lats en qualsevol moment.<\\\/p>\\n\n\n<p>Lancorett est\\u00e0 altament comprom\\u00e8s per complir amb el comprom\\u00eds de mantenir la vostra informaci\\u00f3 segura. Fem servir els sistemes m\\u00e9s avan\\u00e7ats i els actualitzem constantment per assegurar-nos que no hi hagi cap acc\\u00e9s no autoritzat.<\\\/p>\",\"margin\":\"default\",\"text_color\":\"success\"}},{\"type\":\"headline\",\"props\":{\"content\":\"Galetes\",\"title_color\":\"primary\",\"title_element\":\"h1\",\"title_style\":\"h3\"}},{\"type\":\"text\",\"props\":{\"column_breakpoint\":\"m\",\"content\":\"\n\n<p>Una galeta es refereix a un fitxer que \\u00e9s enviat amb la finalitat de sol\\u00b7licitar perm\\u00eds per emmagatzemar-se al vostre ordinador, en acceptar aquest fitxer es crea i la galeta serveix llavors per tenir informaci\\u00f3 respecte al tr\\u00e0nsit web, i tamb\\u00e9 facilita les futures visites a una web recurrent. Una altra funci\\u00f3 que tenen les galetes \\u00e9s que amb elles les webs et poden recon\\u00e8ixer individualment i, per tant, brindar-te el millor servei personalitzat de la seva web.<\\\/p>\\n\n\n<p>El nostre lloc web utilitza les galetes per poder identificar les p\\u00e0gines que s\\u00f3n visitades i la seva freq\\u00fc\\u00e8ncia. Aquesta informaci\\u00f3 \\u00e9s emprada \\u00fanicament per a an\\u00e0lisi estad\\u00edstica i despr\\u00e9s la informaci\\u00f3 s'elimina de manera permanent. Vost\\u00e8 pot eliminar les galetes en qualsevol moment des del vostre ordinador.<\\\/p>\\n\n\n<p>No obstant aix\\u00f2, les galetes ajuden a proporcionar un millor servei dels llocs web, aquestes no donen acc\\u00e9s a informaci\\u00f3 del vostre ordinador ni de vost\\u00e8, tret que vost\\u00e8 aix\\u00ed ho vulgui i la proporcioni directament. Vost\\u00e8 pot acceptar o negar l'\\u00fas de galetes, per\\u00f2, la majoria dels navegadors accepten galetes autom\\u00e0ticament, ja que serveix per tenir un millor servei web. Tamb\\u00e9 podeu canviar la configuraci\\u00f3 del vostre ordinador per declinar les galetes. Si es declinen \\u00e9s possible que no pugueu utilitzar alguns dels nostres serveis.<\\\/p>\",\"margin\":\"default\",\"text_color\":\"success\"}},{\"type\":\"headline\",\"props\":{\"content\":\"Enlla\\u00e7os a tercers\",\"title_color\":\"primary\",\"title_element\":\"h1\",\"title_style\":\"h3\"}},{\"type\":\"text\",\"props\":{\"column_breakpoint\":\"m\",\"content\":\"\n\n<p>Aquest lloc web podria contenir enlla\\u00e7os a altres llocs que puguin ser del seu inter\\u00e8s. Quan vost\\u00e8 de clic en aquests enlla\\u00e7os i abandoni la nostra p\\u00e0gina, ja no tenim control sobre el lloc al qual \\u00e9s redirigit i, per tant, no som responsables dels termes o privadesa ni de la protecci\\u00f3 de les seves dades en aquests altres llocs tercers. Aquests llocs estan subjectes a les seves pr\\u00f2pies pol\\u00edtiques de privadesa, per la qual cosa \\u00e9s recomanable que els consulteu per confirmar que vost\\u00e8 est\\u00e0 d'acord amb aquestes.<\\\/p>\",\"margin\":\"default\",\"text_color\":\"success\"}},{\"type\":\"headline\",\"props\":{\"content\":\"Control de la vostra informaci\\u00f3 personal\",\"title_color\":\"primary\",\"title_element\":\"h1\",\"title_style\":\"h3\"}},{\"type\":\"text\",\"props\":{\"column_breakpoint\":\"m\",\"content\":\"\n\n<p>En qualsevol moment, vost\\u00e8 pot restringir la recopilaci\\u00f3 o l'\\u00fas de la informaci\\u00f3 personal que \\u00e9s proporcionada al nostre lloc web. Cada vegada que se us demani omplir un formulari, com el d'alta d'usuari, podeu marcar o desmarcar l'opci\\u00f3 de rebre informaci\\u00f3 per correu electr\\u00f2nic. En cas que h\\u00e0giu marcat l'opci\\u00f3 de rebre el nostre butllet\\u00ed o publicitat, podeu cancel\\u00b7lar-la en qualsevol moment.<\\\/p>\\n\n\n<p>Aquesta companyia no vendr\\u00e0, cedir\\u00e0 ni distribuir\\u00e0 la informaci\\u00f3 personal que \\u00e9s recopilada sense el seu consentiment, llevat que sigui requerit per un jutge amb un ordre judicial.<\\\/p>\\n\n\n<p>Lancorett Es reserva el dret de canviar els termes de la present Pol\\u00edtica de Privadesa en qualsevol moment.<\\\/p>\",\"margin\":\"default\",\"text_color\":\"success\"}}]}]}],\"name\":\"Contingut\"}],\"version\":\"4.4.12\"} --><\/p>\n","protected":false},"excerpt":{"rendered":"<p>Pol\u00edtica de privadesa i cookies Responsable de la web i de les dades que es recopilen https: \u00e9s propietat i responsabilitat de NOSTRUM SEAFOOD, SL amb domicili al Carrer Ram\u00f3n y Cajal 26, 1r-1a, 08440, Cardedeu, amb NIF B63888622, tel\u00e8fon +34 938 71 20 28 i correu electr\u00f2nic info@. Aquesta Pol\u00edtica de Privadesa estableix els [&hellip;]<\/p>\n","protected":false},"author":1,"featured_media":0,"parent":0,"menu_order":0,"comment_status":"closed","ping_status":"open","template":"","meta":{"footnotes":""},"class_list":["post-17677","page","type-page","status-publish","hentry"],"_links":{"self":[{"href":"https:\/\/lancorett.com\/ca\/wp-json\/wp\/v2\/pages\/17677","targetHints":{"allow":["GET"]}}],"collection":[{"href":"https:\/\/lancorett.com\/ca\/wp-json\/wp\/v2\/pages"}],"about":[{"href":"https:\/\/lancorett.com\/ca\/wp-json\/wp\/v2\/types\/page"}],"author":[{"embeddable":true,"href":"https:\/\/lancorett.com\/ca\/wp-json\/wp\/v2\/users\/1"}],"replies":[{"embeddable":true,"href":"https:\/\/lancorett.com\/ca\/wp-json\/wp\/v2\/comments?post=17677"}],"version-history":[{"count":0,"href":"https:\/\/lancorett.com\/ca\/wp-json\/wp\/v2\/pages\/17677\/revisions"}],"wp:attachment":[{"href":"https:\/\/lancorett.com\/ca\/wp-json\/wp\/v2\/media?parent=17677"}],"curies":[{"name":"wp","href":"https:\/\/api.w.org\/{rel}","templated":true}]}}