{"id":17232,"date":"2024-05-23T18:03:29","date_gmt":"2024-05-23T16:03:29","guid":{"rendered":"https:\/?page_id=17232"},"modified":"2024-11-18T17:09:56","modified_gmt":"2024-11-18T16:09:56","slug":"comandes-i-pagaments","status":"publish","type":"page","link":"https:\/\/lancorett.com\/ca\/comandes-i-pagaments\/","title":{"rendered":"Comandes i pagaments"},"content":{"rendered":"<h1>Comandes i pagaments<\/h1>\n<div>\n<ul>\n<li>Totes les comandes es preparen meticulosament en les nostres instal\u00b7lacions, garantint aix\u00ed el seu perfecte estat per l&#8217;enviament. En cas de rebre un producte en mal estat, si us plau, posa&#8217;t en contacte amb el nostre equip de seguida, enviant un correu electr\u00f2nic a: <a href=\"mailto:info@\">info@<\/a>, trucant o enviant un missatge a trav\u00e9s de WhatsApp al n\u00famero de tel\u00e8fon: <a href=\"tel:+34620512445\">+34 620 51 24 45<\/a>.<\/li>\n<li>En cas de tenir problemes en la realitzaci\u00f3 d&#8217;una comanda o durant la navegaci\u00f3 a trav\u00e9s de la p\u00e0gina web de Lancorett, reinicia o canvia el navegador. Si els problemes persisteixen, posa&#8217;t en contacte amb nosaltres i el nostre equip t\u00e8cnic t&#8217;ajudar\u00e0 a resoldre&#8217;l.<\/li>\n<li>Els pagaments de les compres en la web de Lancorett es realitzen a trav\u00e9s de Redsys (Canal oficial de pagament de BBVA). Es segueixen tots els sistemes d&#8217;encriptaci\u00f3 i seguretat de transfer\u00e8ncia de dades a trav\u00e9s del protocol SSL, pel qual el comprador gaudeix en tot moment amb la protecci\u00f3 d&#8217;aquests canals.<\/li>\n<li>Els m\u00e8todes de pagament s\u00f3n:<\/li>\n<\/ul>\n<p style=\"padding-left: 80px;\">\u00b7 Targeta de cr\u00e8dit, a trav\u00e9s de la passarel\u00b7la de pagament electr\u00f2nic del BBVA.<br \/>\u00b7 Bizum.<br \/>\u00b7 PayPal, un operador internacional de pagaments amb el que podr\u00e0s pagar tamb\u00e9 amb targeta, independentment de tenir o no un compte PayPal.<br \/>\u00b7 Transfer\u00e8ncia banc\u00e0ria directa.<\/p>\n<ul>\n<li>Les targetes acceptades s\u00f3n:<\/li>\n<\/ul>\n<p style=\"padding-left: 80px;\">\u00b7 Visa<br \/>\u00b7 Visa Electron<br \/>\u00b7 MasterCard <br \/>\u00b7 Maestro<br \/>\u00b7 Es poden processar les transaccions amb la gran majoria de monedes del m\u00f3n.<\/p>\n<ul>\n<li>Si en el moment d&#8217;efectuar el pagament experimentes alguna dificultat o error, prova el seg\u00fcent:<\/li>\n<\/ul>\n<p style=\"padding-left: 80px;\">\u00b7 Utilitza una targeta de cr\u00e8dit alternativa.<br \/>\u00b7 Utilitza un m\u00e8tode de pagament alternatiu al que t&#8217;estigui generant el problema.<br \/>\u00b7 Reinicia el teu navegador i intenta-ho de nou.<br \/>\u00b7 Elimina les galetes o borra el catxe del teu navegador i intenta-ho de nou.<br \/>\u00b7 Si els problemes persisteixen, posa&#8217;t en contacte amb nosaltres enviant un correu electr\u00f2nic a: <a href=\"mailto:info@\">info@<\/a>, trucant o enviant un missatge a trav\u00e9s de WhatsApp al <a href=\"tel:+34620512445\">+34 620 51 24 45<\/a>.<\/p>\n<ul>\n<li>Si decideixes cancel\u00b7lar la comanda despr\u00e9s de finalitzar la compra, podr\u00e0s fer-ho sense cap c\u00e0rrec i sense aportar cap ra\u00f3, sempre que la comanda no hagi sigut enviada encara. Per efectuar una cancel\u00b7laci\u00f3, haur\u00e0s de contactar amb nosaltres com m\u00e9s aviat millor. En cas que es vulgui cancel\u00b7lar la comanda una vegada tramesa, no es podr\u00e0 fer la cancel\u00b7laci\u00f3. S&#8217;haur\u00e0 de procedir seguint les condicions d&#8217;una devoluci\u00f3.<\/li>\n<\/ul>\n<\/div>\n<p><!--more--><br \/>\n<!-- {\"type\":\"layout\",\"children\":[{\"type\":\"section\",\"props\":{\"image_position\":\"center-center\",\"padding\":\"small\",\"style\":\"default\",\"title_breakpoint\":\"xl\",\"title_position\":\"top-left\",\"title_rotation\":\"left\",\"vertical_align\":\"\",\"width\":\"default\"},\"children\":[{\"type\":\"row\",\"children\":[{\"type\":\"column\",\"props\":{\"image_position\":\"center-center\",\"position_sticky_breakpoint\":\"m\"},\"children\":[{\"type\":\"headline\",\"props\":{\"content\":\"Comandes i pagaments\",\"text_align\":\"center\",\"title_color\":\"primary\",\"title_element\":\"h1\",\"title_style\":\"h2\"}},{\"type\":\"text\",\"props\":{\"column_breakpoint\":\"m\",\"content\":\"\n\n<ul>\\n\n\n<li>Totes les comandes es preparen meticulosament en les nostres instal\\u00b7lacions, garantint aix\\u00ed el seu perfecte estat per l'enviament. En cas de rebre un producte en mal estat, si us plau, posa't en contacte amb el nostre equip de seguida, enviant un correu electr\\u00f2nic a: <a href=\\\"mailto:info@\\\">info@<\\\/a>, trucant o enviant un missatge a trav\\u00e9s de WhatsApp al n\\u00famero de tel\\u00e8fon: <a href=\\\"tel:+34620512445\\\">+34 620 51 24 45<\\\/a>.<\\\/li>\\n\n\n<li>En cas de tenir problemes en la realitzaci\\u00f3 d'una comanda o durant la navegaci\\u00f3 a trav\\u00e9s de la p\\u00e0gina web de Lancorett, reinicia o canvia el navegador. Si els problemes persisteixen, posa't en contacte amb nosaltres i el nostre equip t\\u00e8cnic t'ajudar\\u00e0 a resoldre'l.<\\\/li>\\n\n\n<li>Els pagaments de les compres en la web de Lancorett es realitzen a trav\\u00e9s de Redsys (Canal oficial de pagament de BBVA). Es segueixen tots els sistemes d'encriptaci\\u00f3 i seguretat de transfer\\u00e8ncia de dades a trav\\u00e9s del protocol SSL, pel qual el comprador gaudeix en tot moment amb la protecci\\u00f3 d'aquests canals.<\\\/li>\\n\n\n<li>Els m\\u00e8todes de pagament s\\u00f3n:<\\\/li>\\n<\\\/ul>\\n\n\n<p style=\\\"padding-left: 80px;\\\">\\u00b7 Targeta de cr\\u00e8dit, a trav\\u00e9s de la passarel\\u00b7la de pagament electr\\u00f2nic del BBVA.<br \\\/>\\u00b7 Bizum.<br \\\/>\\u00b7 PayPal, un operador internacional de pagaments amb el que podr\\u00e0s pagar tamb\\u00e9 amb targeta, independentment de tenir o no un compte PayPal.<br \\\/>\\u00b7 Transfer\\u00e8ncia banc\\u00e0ria directa.<\\\/p>\\n\n\n<ul>\\n\n\n<li>Les targetes acceptades s\\u00f3n:<\\\/li>\\n<\\\/ul>\\n\n\n<p style=\\\"padding-left: 80px;\\\">\\u00b7 Visa<br \\\/>\\u00b7 Visa Electron<br \\\/>\\u00b7 MasterCard <br \\\/>\\u00b7 Maestro<br \\\/>\\u00b7 Es poden processar les transaccions amb la gran majoria de monedes del m\\u00f3n.<\\\/p>\\n\n\n<ul>\\n\n\n<li>Si en el moment d'efectuar el pagament experimentes alguna dificultat o error, prova el seg\\u00fcent:<\\\/li>\\n<\\\/ul>\\n\n\n<p style=\\\"padding-left: 80px;\\\">\\u00b7 Utilitza una targeta de cr\\u00e8dit alternativa.<br \\\/>\\u00b7 Utilitza un m\\u00e8tode de pagament alternatiu al que t'estigui generant el problema.<br \\\/>\\u00b7 Reinicia el teu navegador i intenta-ho de nou.<br \\\/>\\u00b7 Elimina les galetes o borra el catxe del teu navegador i intenta-ho de nou.<br \\\/>\\u00b7 Si els problemes persisteixen, posa't en contacte amb nosaltres enviant un correu electr\\u00f2nic a: <a href=\\\"mailto:info@\\\">info@<\\\/a>, trucant o enviant un missatge a trav\\u00e9s de WhatsApp al <a href=\\\"tel:+34620512445\\\">+34 620 51 24 45<\\\/a>.<\\\/p>\\n\n\n<ul>\\n\n\n<li>Si decideixes cancel\\u00b7lar la comanda despr\\u00e9s de finalitzar la compra, podr\\u00e0s fer-ho sense cap c\\u00e0rrec i sense aportar cap ra\\u00f3, sempre que la comanda no hagi sigut enviada encara. Per efectuar una cancel\\u00b7laci\\u00f3, haur\\u00e0s de contactar amb nosaltres com m\\u00e9s aviat millor. En cas que es vulgui cancel\\u00b7lar la comanda una vegada tramesa, no es podr\\u00e0 fer la cancel\\u00b7laci\\u00f3. S'haur\\u00e0 de procedir seguint les condicions d'una devoluci\\u00f3.<\\\/li>\\n<\\\/ul>\",\"margin\":\"default\",\"text_color\":\"success\"}}]}]}],\"name\":\"Contingut\"}],\"version\":\"4.4.12\"} --><\/p>\n","protected":false},"excerpt":{"rendered":"<p>Comandes i pagaments Totes les comandes es preparen meticulosament en les nostres instal\u00b7lacions, garantint aix\u00ed el seu perfecte estat per l&#8217;enviament. En cas de rebre un producte en mal estat, si us plau, posa&#8217;t en contacte amb el nostre equip de seguida, enviant un correu electr\u00f2nic a: info@, trucant o enviant un missatge a trav\u00e9s [&hellip;]<\/p>\n","protected":false},"author":1,"featured_media":0,"parent":0,"menu_order":0,"comment_status":"closed","ping_status":"closed","template":"","meta":{"footnotes":""},"class_list":["post-17232","page","type-page","status-publish","hentry"],"_links":{"self":[{"href":"https:\/\/lancorett.com\/ca\/wp-json\/wp\/v2\/pages\/17232","targetHints":{"allow":["GET"]}}],"collection":[{"href":"https:\/\/lancorett.com\/ca\/wp-json\/wp\/v2\/pages"}],"about":[{"href":"https:\/\/lancorett.com\/ca\/wp-json\/wp\/v2\/types\/page"}],"author":[{"embeddable":true,"href":"https:\/\/lancorett.com\/ca\/wp-json\/wp\/v2\/users\/1"}],"replies":[{"embeddable":true,"href":"https:\/\/lancorett.com\/ca\/wp-json\/wp\/v2\/comments?post=17232"}],"version-history":[{"count":0,"href":"https:\/\/lancorett.com\/ca\/wp-json\/wp\/v2\/pages\/17232\/revisions"}],"wp:attachment":[{"href":"https:\/\/lancorett.com\/ca\/wp-json\/wp\/v2\/media?parent=17232"}],"curies":[{"name":"wp","href":"https:\/\/api.w.org\/{rel}","templated":true}]}}