{"id":17200,"date":"2024-05-23T11:19:11","date_gmt":"2024-05-23T09:19:11","guid":{"rendered":"https:\/?page_id=17200"},"modified":"2024-11-18T17:10:14","modified_gmt":"2024-11-18T16:10:14","slug":"enviaments-i-lliuraments","status":"publish","type":"page","link":"https:\/\/lancorett.com\/ca\/enviaments-i-lliuraments\/","title":{"rendered":"Enviaments i lliuraments"},"content":{"rendered":"<h1>Enviaments i lliuraments<\/h1>\n<h1>Informaci\u00f3 general<\/h1>\n<ul>\n<li>\n<div>\n<p>Tots els enviaments amb dest\u00ed a Espanya i Portugal s\u00f3n gestionats per la companyia de transport Correus. Els enviaments en l&#8217;\u00e0mbit europeu disponibles s&#8217;efectuaran a trav\u00e9s de Fedex.<\/p>\n<\/div>\n<\/li>\n<li>\n<div>\n<p>Dins de la Pen\u00ednsula Ib\u00e8rica totes les comandes es rebran en un per\u00edode d&#8217;entre 24 a 48 hores (dies laborables), una vegada el producte surti de les instal\u00b7lacions de Lancorett. A causa de la curosa preparaci\u00f3 de la comanda, el producte sortir\u00e0 del taller Lancorett en un m\u00e0xim de 24 hores.<\/p>\n<\/div>\n<\/li>\n<li>\n<div>\n<p>Les entregues s&#8217;efectuaran al domicili establert durant la compra o a l&#8217;oficina de Correus m\u00e9s propera, segons prefer\u00e8ncia del comprador.<\/p>\n<\/div>\n<\/li>\n<li>\n<div>\n<p>En cas de desitjar un canvi de direcci\u00f3 d&#8217;entrega una vegada realitzada la comanda, el comprador ha de posar-se en contacte com m\u00e9s aviat millor amb Lancorett. Un cop expedida la comanda, el canvi de direcci\u00f3 d&#8217;entrega pot generar costos addicionals a c\u00e0rrec del comprador.<\/p>\n<\/div>\n<\/li>\n<li>\n<div>\n<p>Una vegada s&#8217;envi\u00ef la comanda, el comprador rebr\u00e0 el n\u00famero de seguiment del producte. En cas d&#8217;abs\u00e8ncia en l&#8217;entrega, el missatger es posar\u00e0 en contacte amb el comprador per concretar una nova entrega.<\/p>\n<\/div>\n<\/li>\n<li>\n<div>\n<p>En cas de la realitzaci\u00f3 de dues entregues fallides degut a la no disponibilitat del comprador en el domicili, el paquet romandr\u00e0 durant quinze (15) dies en les oficines de Correus m\u00e9s properes, abans de la seva devoluci\u00f3 autom\u00e0tica a les instal\u00b7lacions de Lancorett. Els costos addicionals que es generin aniran a c\u00e0rrec del comprador.<\/p>\n<\/div>\n<\/li>\n<li>\n<div>\n<p>En cas necessari, Lancorett es compromet a gestionar i preparar la documentaci\u00f3 necess\u00e0ria per a la gesti\u00f3 duanera corresponent.<\/p>\n<\/div>\n<\/li>\n<li>\n<div>\n<p>Totes les taxes i impostos addicionals respecte als enviaments internacionals i Illes Can\u00e0ries van a c\u00e0rrec del comprador.<\/p>\n<\/div>\n<\/li>\n<\/ul>\n<h1>Costos dels enviaments<\/h1>\n<table>\n<tbody>\n<tr>\n<td>ZONA D&#8217;ENTREGA<\/td>\n<\/tr>\n<tr>\n<td>Pen\u00ednsula Ib\u00e8rica (Espanya)<\/td>\n<\/tr>\n<tr>\n<td>Andorra<\/td>\n<\/tr>\n<tr>\n<td>Portugal<\/td>\n<\/tr>\n<tr>\n<td>Illes Balears, Ceuta i Melilla<\/td>\n<\/tr>\n<tr>\n<td>Illes Can\u00e0ries<\/td>\n<\/tr>\n<tr>\n<td>Su\u00e8cia i Alemanya<\/td>\n<\/tr>\n<\/tbody>\n<\/table>\n<table>\n<tbody>\n<tr>\n<td>COMPRES INFERIORS A 65 \u20ac<\/td>\n<\/tr>\n<tr>\n<td>2,95 \u20ac<\/td>\n<\/tr>\n<tr>\n<td>2,95 \u20ac<\/td>\n<\/tr>\n<tr>\n<td>4,95 \u20ac<\/td>\n<\/tr>\n<tr>\n<td>4,95 \u20ac<\/td>\n<\/tr>\n<tr>\n<td>9,95 \u20ac<\/td>\n<\/tr>\n<tr>\n<td>19,95 \u20ac<\/td>\n<\/tr>\n<\/tbody>\n<\/table>\n<table>\n<tbody>\n<tr>\n<td>COMPRES IGUALS O SUPERIORS A 65 \u20ac<\/td>\n<\/tr>\n<tr>\n<td>GRATU\u00cfT<\/td>\n<\/tr>\n<tr>\n<td>GRATU\u00cfT<\/td>\n<\/tr>\n<tr>\n<td>GRATU\u00cfT<\/td>\n<\/tr>\n<tr>\n<td>GRATU\u00cfT<\/td>\n<\/tr>\n<tr>\n<td>9,95 \u20ac<\/td>\n<\/tr>\n<tr>\n<td>19,95 \u20ac<\/td>\n<\/tr>\n<\/tbody>\n<\/table>\n<p><!--more--><br \/>\n<!-- {\"type\":\"layout\",\"children\":[{\"type\":\"section\",\"props\":{\"image_position\":\"center-center\",\"padding\":\"small\",\"style\":\"default\",\"title_breakpoint\":\"xl\",\"title_position\":\"top-left\",\"title_rotation\":\"left\",\"vertical_align\":\"\",\"width\":\"default\"},\"children\":[{\"type\":\"row\",\"children\":[{\"type\":\"column\",\"props\":{\"image_position\":\"center-center\",\"position_sticky_breakpoint\":\"m\"},\"children\":[{\"type\":\"headline\",\"props\":{\"content\":\"Enviaments i lliuraments\",\"text_align\":\"center\",\"title_color\":\"primary\",\"title_element\":\"h1\",\"title_style\":\"h2\"}},{\"type\":\"headline\",\"props\":{\"content\":\"Informaci\\u00f3 general\",\"title_color\":\"primary\",\"title_element\":\"h1\",\"title_style\":\"h3\"}},{\"type\":\"list\",\"props\":{\"column_breakpoint\":\"m\",\"image_align\":\"left\",\"image_svg_color\":\"emphasis\",\"image_vertical_align\":true,\"list_element\":\"ul\",\"list_horizontal_separator\":\", \",\"list_marker\":\"disc\",\"list_marker_color\":\"primary\",\"list_type\":\"vertical\",\"show_image\":true,\"show_link\":true},\"children\":[{\"type\":\"list_item\",\"props\":{\"content\":\"\n\n<p>Tots els enviaments amb dest\\u00ed a Espanya i Portugal s\\u00f3n gestionats per la companyia de transport Correus. Els enviaments en l'\\u00e0mbit europeu disponibles s'efectuaran a trav\\u00e9s de Fedex.<\\\/p>\"}},{\"type\":\"list_item\",\"props\":{\"content\":\"\n\n<p>Dins de la Pen\\u00ednsula Ib\\u00e8rica totes les comandes es rebran en un per\\u00edode d'entre 24 a 48 hores (dies laborables), una vegada el producte surti de les instal\\u00b7lacions de Lancorett. A causa de la curosa preparaci\\u00f3 de la comanda, el producte sortir\\u00e0 del taller Lancorett en un m\\u00e0xim de 24 hores.<\\\/p>\"}},{\"type\":\"list_item\",\"props\":{\"content\":\"\n\n<p>Les entregues s'efectuaran al domicili establert durant la compra o a l'oficina de Correus m\\u00e9s propera, segons prefer\\u00e8ncia del comprador.<\\\/p>\"}},{\"type\":\"list_item\",\"props\":{\"content\":\"\n\n<p>En cas de desitjar un canvi de direcci\\u00f3 d'entrega una vegada realitzada la comanda, el comprador ha de posar-se en contacte com m\\u00e9s aviat millor amb Lancorett. Un cop expedida la comanda, el canvi de direcci\\u00f3 d'entrega pot generar costos addicionals a c\\u00e0rrec del comprador.<\\\/p>\"}},{\"type\":\"list_item\",\"props\":{\"content\":\"\n\n<p>Una vegada s'envi\\u00ef la comanda, el comprador rebr\\u00e0 el n\\u00famero de seguiment del producte. En cas d'abs\\u00e8ncia en l'entrega, el missatger es posar\\u00e0 en contacte amb el comprador per concretar una nova entrega.<\\\/p>\"}},{\"type\":\"list_item\",\"props\":{\"content\":\"\n\n<p>En cas de la realitzaci\\u00f3 de dues entregues fallides degut a la no disponibilitat del comprador en el domicili, el paquet romandr\\u00e0 durant quinze (15) dies en les oficines de Correus m\\u00e9s properes, abans de la seva devoluci\\u00f3 autom\\u00e0tica a les instal\\u00b7lacions de Lancorett. Els costos addicionals que es generin aniran a c\\u00e0rrec del comprador.<\\\/p>\"}},{\"type\":\"list_item\",\"props\":{\"content\":\"\n\n<p>En cas necessari, Lancorett es compromet a gestionar i preparar la documentaci\\u00f3 necess\\u00e0ria per a la gesti\\u00f3 duanera corresponent.<\\\/p>\"}},{\"type\":\"list_item\",\"props\":{\"content\":\"\n\n<p>Totes les taxes i impostos addicionals respecte als enviaments internacionals i Illes Can\\u00e0ries van a c\\u00e0rrec del comprador.<\\\/p>\"}}]}]}]},{\"type\":\"row\",\"children\":[{\"type\":\"column\",\"props\":{\"image_position\":\"center-center\",\"position_sticky_breakpoint\":\"m\"},\"children\":[{\"type\":\"headline\",\"props\":{\"content\":\"Costos dels enviaments\",\"title_color\":\"primary\",\"title_element\":\"h1\",\"title_style\":\"h3\"}}]}]},{\"type\":\"row\",\"props\":{\"layout\":\"1-3,1-3,1-3\",\"row_gap\":\"small\"},\"children\":[{\"type\":\"column\",\"props\":{\"image_position\":\"center-center\",\"position_sticky_breakpoint\":\"m\",\"width_medium\":\"1-3\"},\"children\":[{\"type\":\"table\",\"props\":{\"image_svg_color\":\"emphasis\",\"link_style\":\"default\",\"link_text\":\"Read more\",\"margin\":\"small\",\"meta_style\":\"text-meta\",\"show_content\":true,\"show_image\":true,\"show_link\":true,\"show_meta\":true,\"show_title\":true,\"table_order\":\"1\",\"table_responsive\":\"overflow\",\"table_style\":\"striped\",\"table_width_content\":\"shrink\",\"table_width_meta\":\"shrink\",\"table_width_title\":\"shrink\",\"title_color\":\"success\"},\"children\":[{\"type\":\"table_item\",\"props\":{\"title\":\"ZONA D'ENTREGA\"}},{\"type\":\"table_item\",\"props\":{\"title\":\"Pen\\u00ednsula Ib\\u00e8rica (Espanya)\"}},{\"type\":\"table_item\",\"props\":{\"title\":\"Andorra\"}},{\"type\":\"table_item\",\"props\":{\"title\":\"Portugal\"}},{\"type\":\"table_item\",\"props\":{\"title\":\"Illes Balears, Ceuta i Melilla\"}},{\"type\":\"table_item\",\"props\":{\"title\":\"Illes Can\\u00e0ries\"}},{\"type\":\"table_item\",\"props\":{\"title\":\"Su\\u00e8cia i Alemanya\"}}]}]},{\"type\":\"column\",\"props\":{\"image_position\":\"center-center\",\"position_sticky_breakpoint\":\"m\",\"width_medium\":\"1-3\"},\"children\":[{\"type\":\"table\",\"props\":{\"image_svg_color\":\"emphasis\",\"link_style\":\"default\",\"link_text\":\"Read more\",\"meta_style\":\"text-meta\",\"show_content\":true,\"show_image\":true,\"show_link\":true,\"show_meta\":true,\"show_title\":true,\"table_order\":\"1\",\"table_responsive\":\"overflow\",\"table_style\":\"striped\",\"table_width_meta\":\"shrink\",\"table_width_title\":\"shrink\",\"title_color\":\"success\"},\"children\":[{\"type\":\"table_item\",\"props\":{\"title\":\"COMPRES INFERIORS A 65 \\u20ac\"}},{\"type\":\"table_item\",\"props\":{\"title\":\"2,95 \\u20ac\"}},{\"type\":\"table_item\",\"props\":{\"title\":\"2,95 \\u20ac\"}},{\"type\":\"table_item\",\"props\":{\"title\":\"4,95 \\u20ac\"}},{\"type\":\"table_item\",\"props\":{\"title\":\"4,95 \\u20ac\"}},{\"type\":\"table_item\",\"props\":{\"title\":\"9,95 \\u20ac\"}},{\"type\":\"table_item\",\"props\":{\"title\":\"19,95 \\u20ac\"}}]}]},{\"type\":\"column\",\"props\":{\"image_position\":\"center-center\",\"position_sticky_breakpoint\":\"m\",\"width_medium\":\"1-3\"},\"children\":[{\"type\":\"table\",\"props\":{\"image_svg_color\":\"emphasis\",\"link_style\":\"default\",\"link_text\":\"Read more\",\"meta_style\":\"text-meta\",\"show_content\":true,\"show_image\":true,\"show_link\":true,\"show_meta\":true,\"show_title\":true,\"table_order\":\"1\",\"table_responsive\":\"overflow\",\"table_style\":\"striped\",\"table_width_meta\":\"shrink\",\"table_width_title\":\"shrink\",\"title_color\":\"success\"},\"children\":[{\"type\":\"table_item\",\"props\":{\"title\":\"COMPRES IGUALS O SUPERIORS A 65 \\u20ac\"}},{\"type\":\"table_item\",\"props\":{\"title\":\"GRATU\\u00cfT\"}},{\"type\":\"table_item\",\"props\":{\"title\":\"GRATU\\u00cfT\"}},{\"type\":\"table_item\",\"props\":{\"title\":\"GRATU\\u00cfT\"}},{\"type\":\"table_item\",\"props\":{\"title\":\"GRATU\\u00cfT\"}},{\"type\":\"table_item\",\"props\":{\"title\":\"9,95 \\u20ac\"}},{\"type\":\"table_item\",\"props\":{\"title\":\"19,95 \\u20ac\"}}]}]}]}],\"name\":\"Contingut\"}],\"version\":\"4.4.12\"} --><\/p>\n","protected":false},"excerpt":{"rendered":"<p>Enviaments i lliuraments Informaci\u00f3 general Tots els enviaments amb dest\u00ed a Espanya i Portugal s\u00f3n gestionats per la companyia de transport Correus. Els enviaments en l&#8217;\u00e0mbit europeu disponibles s&#8217;efectuaran a trav\u00e9s de Fedex. Dins de la Pen\u00ednsula Ib\u00e8rica totes les comandes es rebran en un per\u00edode d&#8217;entre 24 a 48 hores (dies laborables), una vegada [&hellip;]<\/p>\n","protected":false},"author":1,"featured_media":0,"parent":0,"menu_order":0,"comment_status":"closed","ping_status":"closed","template":"","meta":{"footnotes":""},"class_list":["post-17200","page","type-page","status-publish","hentry"],"_links":{"self":[{"href":"https:\/\/lancorett.com\/ca\/wp-json\/wp\/v2\/pages\/17200","targetHints":{"allow":["GET"]}}],"collection":[{"href":"https:\/\/lancorett.com\/ca\/wp-json\/wp\/v2\/pages"}],"about":[{"href":"https:\/\/lancorett.com\/ca\/wp-json\/wp\/v2\/types\/page"}],"author":[{"embeddable":true,"href":"https:\/\/lancorett.com\/ca\/wp-json\/wp\/v2\/users\/1"}],"replies":[{"embeddable":true,"href":"https:\/\/lancorett.com\/ca\/wp-json\/wp\/v2\/comments?post=17200"}],"version-history":[{"count":0,"href":"https:\/\/lancorett.com\/ca\/wp-json\/wp\/v2\/pages\/17200\/revisions"}],"wp:attachment":[{"href":"https:\/\/lancorett.com\/ca\/wp-json\/wp\/v2\/media?parent=17200"}],"curies":[{"name":"wp","href":"https:\/\/api.w.org\/{rel}","templated":true}]}}