{"id":17193,"date":"2024-05-23T11:18:39","date_gmt":"2024-05-23T09:18:39","guid":{"rendered":"https:\/?page_id=17193"},"modified":"2024-11-18T17:09:35","modified_gmt":"2024-11-18T16:09:35","slug":"declaracio-daccessibilitat","status":"publish","type":"page","link":"https:\/\/lancorett.com\/ca\/declaracio-daccessibilitat\/","title":{"rendered":"Declaraci\u00f3 d&#8217;accessibilitat"},"content":{"rendered":"<h1>Declaraci\u00f3 d&#8217;accessibilitat<\/h1>\n<div>\n<p><a href=\"https:\">https:<\/a> s&#8217;ha comprom\u00e8s a fer accessible el seu lloc web, de conformitat amb normativa WCAG 2.1 en mat\u00e8ria d&#8217;accessibilitat i que s&#8217;utilitza com a evid\u00e8ncia de la justificaci\u00f3 del criteri d&#8217;accessibilitat del Programa Kit Digital.<\/p>\n<p>Est\u00e0 estructurat conforme als annexos de la norma UNE-EN 301 549:2022.<br \/>La present declaraci\u00f3 d&#8217;accessibilitat s&#8217;aplica al lloc web <a href=\"https:\">https:<\/a><\/p>\n<\/div>\n<p><!--more--><br \/>\n<!-- {\"type\":\"layout\",\"children\":[{\"type\":\"section\",\"props\":{\"image_position\":\"center-center\",\"padding\":\"small\",\"style\":\"default\",\"title_breakpoint\":\"xl\",\"title_position\":\"top-left\",\"title_rotation\":\"left\",\"vertical_align\":\"\",\"width\":\"default\"},\"children\":[{\"type\":\"row\",\"children\":[{\"type\":\"column\",\"props\":{\"image_position\":\"center-center\",\"position_sticky_breakpoint\":\"m\"},\"children\":[{\"type\":\"headline\",\"props\":{\"content\":\"Declaraci\\u00f3 d'accessibilitat\",\"text_align\":\"center\",\"title_element\":\"h1\",\"title_style\":\"h2\"}},{\"type\":\"text\",\"props\":{\"column_breakpoint\":\"m\",\"content\":\"\n\n<p><a href=\\\"https:\\\">https:<\\\/a> s'ha comprom\\u00e8s a fer accessible el seu lloc web, de conformitat amb normativa WCAG 2.1 en mat\\u00e8ria d'accessibilitat i que s'utilitza com a evid\\u00e8ncia de la justificaci\\u00f3 del criteri d'accessibilitat del Programa Kit Digital.<\\\/p>\\n\n\n<p>Est\\u00e0 estructurat conforme als annexos de la norma UNE-EN 301 549:2022.<br \\\/>La present declaraci\\u00f3 d'accessibilitat s'aplica al lloc web <a href=\\\"https:\\\">https:<\\\/a><\\\/p>\",\"margin\":\"default\",\"text_color\":\"success\"}}]}]}],\"name\":\"Contingut\"}],\"version\":\"4.4.12\"} --><\/p>\n","protected":false},"excerpt":{"rendered":"<p>Declaraci\u00f3 d&#8217;accessibilitat https: s&#8217;ha comprom\u00e8s a fer accessible el seu lloc web, de conformitat amb normativa WCAG 2.1 en mat\u00e8ria d&#8217;accessibilitat i que s&#8217;utilitza com a evid\u00e8ncia de la justificaci\u00f3 del criteri d&#8217;accessibilitat del Programa Kit Digital. Est\u00e0 estructurat conforme als annexos de la norma UNE-EN 301 549:2022.La present declaraci\u00f3 d&#8217;accessibilitat s&#8217;aplica al lloc web [&hellip;]<\/p>\n","protected":false},"author":1,"featured_media":0,"parent":0,"menu_order":0,"comment_status":"closed","ping_status":"closed","template":"","meta":{"footnotes":""},"class_list":["post-17193","page","type-page","status-publish","hentry"],"_links":{"self":[{"href":"https:\/\/lancorett.com\/ca\/wp-json\/wp\/v2\/pages\/17193","targetHints":{"allow":["GET"]}}],"collection":[{"href":"https:\/\/lancorett.com\/ca\/wp-json\/wp\/v2\/pages"}],"about":[{"href":"https:\/\/lancorett.com\/ca\/wp-json\/wp\/v2\/types\/page"}],"author":[{"embeddable":true,"href":"https:\/\/lancorett.com\/ca\/wp-json\/wp\/v2\/users\/1"}],"replies":[{"embeddable":true,"href":"https:\/\/lancorett.com\/ca\/wp-json\/wp\/v2\/comments?post=17193"}],"version-history":[{"count":0,"href":"https:\/\/lancorett.com\/ca\/wp-json\/wp\/v2\/pages\/17193\/revisions"}],"wp:attachment":[{"href":"https:\/\/lancorett.com\/ca\/wp-json\/wp\/v2\/media?parent=17193"}],"curies":[{"name":"wp","href":"https:\/\/api.w.org\/{rel}","templated":true}]}}