{"id":17166,"date":"2024-05-23T11:19:32","date_gmt":"2024-05-23T09:19:32","guid":{"rendered":"https:\/?page_id=17166"},"modified":"2024-11-18T17:10:29","modified_gmt":"2024-11-18T16:10:29","slug":"canvis-i-devolucions","status":"publish","type":"page","link":"https:\/\/lancorett.com\/ca\/canvis-i-devolucions\/","title":{"rendered":"Canvis i devolucions"},"content":{"rendered":"<h1>Canvis i devolucions<\/h1>\n<h1>Canvis<\/h1>\n<ul>\n<li>\n<h3>Quan puc fer un canvi?<\/h3>\n<div>\n<p>\u2014 El producte no compleix amb les expectatives esperades i el desitja canviar per un altre model.<br \/>\u2014 La talla del producte no es correspon amb la seva talla real (Per evitar problemes amb la talla de la pe\u00e7a, si us plau, consulta la guia de talles abans de fer la compra).<br \/>\u2014 En els dos casos anteriors, perqu\u00e8 la pe\u00e7a pugui ser canviada, no s&#8217;ha d&#8217;haver usat pr\u00e8viament.<\/p>\n<\/div>\n<\/li>\n<li>\n<h3>Quants dies tinc per fer un canvi?<\/h3>\n<div>\n<p>Els canvis s&#8217;han de realitzar durant els catorze (14) dies naturals seg\u00fcents de l&#8217;entrega de la comanda en dest\u00ed.<\/p>\n<\/div>\n<\/li>\n<li>\n<h3>Quin \u00e9s el cost d&#8217;un canvi?<\/h3>\n<div>\n<p><strong>Canvi de talla<\/strong><br \/>Per totes les comandes enviades a la Pen\u00ednsula Ib\u00e8rica* i Illes Balears, sempre que el producte estigui en bon estat i no s&#8217;hagi fet servir pr\u00e8viament, els costos associats al primer canvi de talla aniran a c\u00e0rrec de Lancorett.<br \/>Respecte als enviaments que no estiguin inclosos dins de la Pen\u00ednsula Ib\u00e8rica* i Illes Balears, el cost de l&#8217;enviament associat a la devoluci\u00f3 de la pe\u00e7a antiga a les instal\u00b7lacions de Lancorett anir\u00e0 a c\u00e0rrec del comprador. Els costos hauran de ser abonats per transfer\u00e8ncia banc\u00e0ria a Lancorett un cop l&#8217;empresa rebi la pe\u00e7a antiga i estigui en disposici\u00f3 d&#8217;enviar el producte amb la nova talla al comprador. No s&#8217;efectuar\u00e0 l&#8217;enviament del nou producte si abans no s&#8217;han abonat el cost de la devoluci\u00f3 de l&#8217;antiga pe\u00e7a. De totes maneres, Lancorett assumir\u00e0 el cost de l&#8217;enviament del nou producte en el domicili assignat.<br \/>Independentment del dest\u00ed, si es realitzen canvis successius de talla i\/o model d&#8217;una mateixa comanda, els costos associats correran a c\u00e0rrec, totalment, del comprador.<\/p>\n<p>Els costos associats variaran en funci\u00f3 de la localitat.<\/p>\n<p><strong>Canvi de model<\/strong><br \/>Els costos de l&#8217;enviament associat al canvi d&#8217;un model per un altre de diferent aniran a c\u00e0rrec del comprador. Els costos hauran de ser abonats per transfer\u00e8ncia banc\u00e0ria a Lancorett un cop l&#8217;empresa rebi la pe\u00e7a antiga i estigui en disposici\u00f3 d&#8217;enviar el nou model al comprador. No s&#8217;efectuar\u00e0 l&#8217;enviament del nou model si abans no s&#8217;han abonat els costos d&#8217;enviament associats al canvi de model.<\/p>\n<p>Els costos associats varien en funci\u00f3 de la localitat.<\/p>\n<p><em>*No s&#8217;inclou Andorra dins de la Pen\u00ednsula Ib\u00e8rica.<\/em><\/p>\n<\/div>\n<\/li>\n<li>\n<h3>Quin \u00e9s el procediment que cal seguir per fer un canvi?<\/h3>\n<div>\n<p>Abans de res, si us plau, envia un correu electr\u00f2nic a: <a href=\"mailto:info@\">info@<\/a> o truca al <a href=\"tel:+34620512445\">+34 620 51 24 45<\/a> per notificar la teva intenci\u00f3 de realitzar el canvi. En la m\u00e0xima brevetat possible t&#8217;indicarem els passos a seguir per efectuar el canvi del producte de manera correcta i senzilla.<\/p>\n<p>Gr\u00e0cies a l&#8217;automatitzaci\u00f3 del proc\u00e9s de devolucions, una vegada comunicada la intenci\u00f3 d&#8217;efectuar la devoluci\u00f3\/canvi a Lancorett i la seva posterior aprovaci\u00f3, rebr\u00e0s un enlla\u00e7 que et generar\u00e0 una etiqueta amb la qual podr\u00e0s anar a les oficines de Correus a efectuar l&#8217;enviament de tornada.<br \/>R\u00e0pid i senzill!<\/p>\n<\/div>\n<\/li>\n<li>\n<h3>Quan rebr\u00e9 el nou producte?<\/h3>\n<div>\n<p>Una vegada rebuda la pe\u00e7a que es vol canviar a les instal\u00b7lacions de Lancorett, procedirem a examinar el seu estat. Quan es confirmi que el producte no ha sigut usat, efectuarem el nou enviament de manera immediata (sempre que el producte estigui en estoc).<\/p>\n<p>S&#8217;efectuar\u00e0 l&#8217;enviament del nou producte en un termini m\u00e0xim de catorze (14) dies un cop comprovat el correcte estat de la pe\u00e7a antiga i rebut l&#8217;abonament dels costos associats de l&#8217;enviament, en cas necessari.<\/p>\n<\/div>\n<\/li>\n<\/ul>\n<h1>Devolucions<\/h1>\n<ul>\n<li>\n<h3>Quan puc fer una devoluci\u00f3?<\/h3>\n<div>\n<p>\u2014 El producte no compleix amb les expectatives esperades i el desitja canviar per un altre model.<br \/>\u2014 La talla del producte no es correspon amb la seva talla real (Per evitar problemes amb la talla de la pe\u00e7a, si us plau, consulta la guia de talles abans de fer la compra).<br \/>\u2014 En els dos casos anteriors, perqu\u00e8 la pe\u00e7a pugui ser canviada, no s&#8217;ha d&#8217;haver usat pr\u00e8viament.<\/p>\n<\/div>\n<\/li>\n<li>\n<h3>Quants dies tinc per fer una devoluci\u00f3?<\/h3>\n<div>\n<p>Els canvis s&#8217;han de realitzar durant els catorze (14) dies naturals seg\u00fcents de l&#8217;entrega de la comanda en dest\u00ed.<\/p>\n<\/div>\n<\/li>\n<li>\n<h3>Quin \u00e9s el cost de la devoluci\u00f3?<\/h3>\n<div>\n<p>El cost de la devoluci\u00f3 varia en funci\u00f3 de la localitat del destinatari. Una vegada es notifiqui a Lancorett la intenci\u00f3 de tornar el producte, el nostre equip t&#8217;informar\u00e0 en la m\u00e0xima brevetat dels costos associats corresponents.<\/p>\n<p>Tal com estableix la normativa Europea, el cost associat a l&#8217;enviament de volta a les instal\u00b7lacions de l&#8217;empresa va a c\u00e0rrec del comprador, sempre que no es tracti d&#8217;un canvi de talla del producte.<\/p>\n<\/div>\n<\/li>\n<li>\n<h3>Quin \u00e9s el procediment que cal seguir per tornar un producte?<\/h3>\n<div>\n<p>Abans de res, si us plau, envia un correu electr\u00f2nic a: <a href=\"mailto:info@\">info@<\/a> o truca al <a href=\"tel:+34620512445\">+34 620 51 24 45<\/a> per notificar la teva intenci\u00f3 de realitzar el canvi. En la m\u00e0xima brevetat possible t&#8217;indicarem els passos a seguir per efectuar el canvi del producte de manera correcta i senzilla.<\/p>\n<p>Gr\u00e0cies a l&#8217;automatitzaci\u00f3 del proc\u00e9s de devolucions, una vegada comunicada la intenci\u00f3 d&#8217;efectuar la devoluci\u00f3\/canvi a Lancorett i la seva posterior aprovaci\u00f3, rebr\u00e0s un enlla\u00e7 que et generar\u00e0 una etiqueta amb la qual podr\u00e0s anar a les oficines de Correus a efectuar l&#8217;enviament de tornada.<br \/>R\u00e0pid i senzill!<\/p>\n<\/div>\n<\/li>\n<li>\n<h3>Quan rebr\u00e9 el reemborsament de la meva devoluci\u00f3?<\/h3>\n<div>\n<p>Una vegada rebuda la pe\u00e7a que es vol canviar a les instal\u00b7lacions de Lancorett, procedirem a examinar el seu estat. Quan es confirmi que el producte no ha sigut usat, efectuarem el nou enviament de manera immediata (sempre que el producte estigui en estoc).<\/p>\n<p>S&#8217;efectuar\u00e0 l&#8217;enviament del nou producte en un termini m\u00e0xim de catorze (14) dies un cop comprovat el correcte estat de la pe\u00e7a antiga i rebut l&#8217;abonament dels costos associats de l&#8217;enviament, en cas necessari.<\/p>\n<\/div>\n<\/li>\n<\/ul>\n<p><!--more--><br \/>\n<!-- {\"type\":\"layout\",\"children\":[{\"type\":\"section\",\"props\":{\"image_position\":\"center-center\",\"padding\":\"small\",\"style\":\"default\",\"title_breakpoint\":\"xl\",\"title_position\":\"top-left\",\"title_rotation\":\"left\",\"vertical_align\":\"middle\",\"width\":\"default\"},\"children\":[{\"type\":\"row\",\"children\":[{\"type\":\"column\",\"props\":{\"image_position\":\"center-center\",\"position_sticky_breakpoint\":\"m\"},\"children\":[{\"type\":\"headline\",\"props\":{\"content\":\"Canvis i devolucions\",\"text_align\":\"center\",\"title_color\":\"primary\",\"title_element\":\"h1\",\"title_style\":\"h2\"}}]}]}],\"name\":\"Contingut\"},{\"type\":\"section\",\"props\":{\"image_position\":\"center-center\",\"padding\":\"small\",\"padding_remove_top\":true,\"style\":\"default\",\"title_breakpoint\":\"xl\",\"title_position\":\"top-left\",\"title_rotation\":\"left\",\"vertical_align\":\"\",\"width\":\"default\"},\"children\":[{\"type\":\"row\",\"children\":[{\"type\":\"column\",\"props\":{\"image_position\":\"center-center\",\"position_sticky_breakpoint\":\"m\"},\"children\":[{\"type\":\"headline\",\"props\":{\"content\":\"Canvis\",\"title_color\":\"primary\",\"title_element\":\"h1\",\"title_style\":\"h3\"}},{\"name\":\"Accordion One Item Start Opened\",\"type\":\"accordion\",\"children\":[{\"type\":\"accordion_item\",\"props\":{\"content\":\"\n\n<p>\\u2014 El producte no compleix amb les expectatives esperades i el desitja canviar per un altre model.<br \\\/>\\u2014 La talla del producte no es correspon amb la seva talla real (Per evitar problemes amb la talla de la pe\\u00e7a, si us plau, consulta la guia de talles abans de fer la compra).<br \\\/>\\u2014 En els dos casos anteriors, perqu\\u00e8 la pe\\u00e7a pugui ser canviada, no s'ha d'haver usat pr\\u00e8viament.<\\\/p>\",\"title\":\"Quan puc fer un canvi?\"}},{\"type\":\"accordion_item\",\"props\":{\"content\":\"\n\n<p>Els canvis s'han de realitzar durant els catorze (14) dies naturals seg\\u00fcents de l'entrega de la comanda en dest\\u00ed.<\\\/p>\",\"title\":\"Quants dies tinc per fer un canvi?\"}},{\"type\":\"accordion_item\",\"props\":{\"content\":\"\n\n<p><strong>Canvi de talla<\\\/strong><br \\\/>Per totes les comandes enviades a la Pen\\u00ednsula Ib\\u00e8rica* i Illes Balears, sempre que el producte estigui en bon estat i no s'hagi fet servir pr\\u00e8viament, els costos associats al primer canvi de talla aniran a c\\u00e0rrec de Lancorett.<br \\\/>Respecte als enviaments que no estiguin inclosos dins de la Pen\\u00ednsula Ib\\u00e8rica* i Illes Balears, el cost de l'enviament associat a la devoluci\\u00f3 de la pe\\u00e7a antiga a les instal\\u00b7lacions de Lancorett anir\\u00e0 a c\\u00e0rrec del comprador. Els costos hauran de ser abonats per transfer\\u00e8ncia banc\\u00e0ria a Lancorett un cop l'empresa rebi la pe\\u00e7a antiga i estigui en disposici\\u00f3 d'enviar el producte amb la nova talla al comprador. No s'efectuar\\u00e0 l'enviament del nou producte si abans no s'han abonat el cost de la devoluci\\u00f3 de l'antiga pe\\u00e7a. De totes maneres, Lancorett assumir\\u00e0 el cost de l'enviament del nou producte en el domicili assignat.<br \\\/>Independentment del dest\\u00ed, si es realitzen canvis successius de talla i\\\/o model d'una mateixa comanda, els costos associats correran a c\\u00e0rrec, totalment, del comprador.<\\\/p>\\n\n\n<p>Els costos associats variaran en funci\\u00f3 de la localitat.<\\\/p>\\n\n\n<p><strong>Canvi de model<\\\/strong><br \\\/>Els costos de l'enviament associat al canvi d'un model per un altre de diferent aniran a c\\u00e0rrec del comprador. Els costos hauran de ser abonats per transfer\\u00e8ncia banc\\u00e0ria a Lancorett un cop l'empresa rebi la pe\\u00e7a antiga i estigui en disposici\\u00f3 d'enviar el nou model al comprador. No s'efectuar\\u00e0 l'enviament del nou model si abans no s'han abonat els costos d'enviament associats al canvi de model.<\\\/p>\\n\n\n<p>Els costos associats varien en funci\\u00f3 de la localitat.<\\\/p>\\n\n\n<p><em>*No s'inclou Andorra dins de la Pen\\u00ednsula Ib\\u00e8rica.<\\\/em><\\\/p>\",\"title\":\"Quin \\u00e9s el cost d'un canvi?\"}},{\"type\":\"accordion_item\",\"props\":{\"content\":\"\n\n<p>Abans de res, si us plau, envia un correu electr\\u00f2nic a: <a href=\\\"mailto:info@\\\">info@<\\\/a> o truca al <a href=\\\"tel:+34620512445\\\">+34 620 51 24 45<\\\/a> per notificar la teva intenci\\u00f3 de realitzar el canvi. En la m\\u00e0xima brevetat possible t'indicarem els passos a seguir per efectuar el canvi del producte de manera correcta i senzilla.<\\\/p>\\n\n\n<p>Gr\\u00e0cies a l'automatitzaci\\u00f3 del proc\\u00e9s de devolucions, una vegada comunicada la intenci\\u00f3 d'efectuar la devoluci\\u00f3\\\/canvi a Lancorett i la seva posterior aprovaci\\u00f3, rebr\\u00e0s un enlla\\u00e7 que et generar\\u00e0 una etiqueta amb la qual podr\\u00e0s anar a les oficines de Correus a efectuar l'enviament de tornada.<br \\\/>R\\u00e0pid i senzill!<\\\/p>\",\"title\":\"Quin \\u00e9s el procediment que cal seguir per fer un canvi?\"}},{\"type\":\"accordion_item\",\"props\":{\"content\":\"\n\n<p>Una vegada rebuda la pe\\u00e7a que es vol canviar a les instal\\u00b7lacions de Lancorett, procedirem a examinar el seu estat. Quan es confirmi que el producte no ha sigut usat, efectuarem el nou enviament de manera immediata (sempre que el producte estigui en estoc).<\\\/p>\\n\n\n<p>S'efectuar\\u00e0 l'enviament del nou producte en un termini m\\u00e0xim de catorze (14) dies un cop comprovat el correcte estat de la pe\\u00e7a antiga i rebut l'abonament dels costos associats de l'enviament, en cas necessari.<\\\/p>\",\"title\":\"Quan rebr\\u00e9 el nou producte?\"}}],\"props\":{\"collapsible\":false,\"content_column_breakpoint\":\"m\",\"image_align\":\"top\",\"image_grid_breakpoint\":\"m\",\"image_grid_width\":\"1-2\",\"image_svg_color\":\"emphasis\",\"link_style\":\"default\",\"link_text\":\"Read more\",\"multiple\":false,\"show_image\":true,\"show_link\":true,\"title_element\":\"h3\"}}]}]}],\"name\":\"Canvis\"},{\"type\":\"section\",\"props\":{\"image_position\":\"center-center\",\"padding\":\"small\",\"padding_remove_top\":false,\"style\":\"default\",\"title_breakpoint\":\"xl\",\"title_position\":\"top-left\",\"title_rotation\":\"left\",\"vertical_align\":\"\",\"width\":\"default\"},\"children\":[{\"type\":\"row\",\"children\":[{\"type\":\"column\",\"props\":{\"image_position\":\"center-center\",\"position_sticky_breakpoint\":\"m\"},\"children\":[{\"type\":\"headline\",\"props\":{\"content\":\"Devolucions\",\"title_color\":\"primary\",\"title_element\":\"h1\",\"title_style\":\"h3\"}},{\"name\":\"Accordion One Item Start Opened\",\"type\":\"accordion\",\"children\":[{\"type\":\"accordion_item\",\"props\":{\"content\":\"\n\n<p>\\u2014 El producte no compleix amb les expectatives esperades i el desitja canviar per un altre model.<br \\\/>\\u2014 La talla del producte no es correspon amb la seva talla real (Per evitar problemes amb la talla de la pe\\u00e7a, si us plau, consulta la guia de talles abans de fer la compra).<br \\\/>\\u2014 En els dos casos anteriors, perqu\\u00e8 la pe\\u00e7a pugui ser canviada, no s'ha d'haver usat pr\\u00e8viament.<\\\/p>\",\"title\":\"Quan puc fer una devoluci\\u00f3?\"}},{\"type\":\"accordion_item\",\"props\":{\"content\":\"\n\n<p>Els canvis s'han de realitzar durant els catorze (14) dies naturals seg\\u00fcents de l'entrega de la comanda en dest\\u00ed.<\\\/p>\",\"title\":\"Quants dies tinc per fer una devoluci\\u00f3?\"}},{\"type\":\"accordion_item\",\"props\":{\"content\":\"\n\n<p>El cost de la devoluci\\u00f3 varia en funci\\u00f3 de la localitat del destinatari. Una vegada es notifiqui a Lancorett la intenci\\u00f3 de tornar el producte, el nostre equip t'informar\\u00e0 en la m\\u00e0xima brevetat dels costos associats corresponents.<\\\/p>\\n\n\n<p>Tal com estableix la normativa Europea, el cost associat a l'enviament de volta a les instal\\u00b7lacions de l'empresa va a c\\u00e0rrec del comprador, sempre que no es tracti d'un canvi de talla del producte.<\\\/p>\",\"title\":\"Quin \\u00e9s el cost de la devoluci\\u00f3?\"}},{\"type\":\"accordion_item\",\"props\":{\"content\":\"\n\n<p>Abans de res, si us plau, envia un correu electr\\u00f2nic a: <a href=\\\"mailto:info@\\\">info@<\\\/a> o truca al <a href=\\\"tel:+34620512445\\\">+34 620 51 24 45<\\\/a> per notificar la teva intenci\\u00f3 de realitzar el canvi. En la m\\u00e0xima brevetat possible t'indicarem els passos a seguir per efectuar el canvi del producte de manera correcta i senzilla.<\\\/p>\\n\n\n<p>Gr\\u00e0cies a l'automatitzaci\\u00f3 del proc\\u00e9s de devolucions, una vegada comunicada la intenci\\u00f3 d'efectuar la devoluci\\u00f3\\\/canvi a Lancorett i la seva posterior aprovaci\\u00f3, rebr\\u00e0s un enlla\\u00e7 que et generar\\u00e0 una etiqueta amb la qual podr\\u00e0s anar a les oficines de Correus a efectuar l'enviament de tornada.<br \\\/>R\\u00e0pid i senzill!<\\\/p>\",\"title\":\"Quin \\u00e9s el procediment que cal seguir per tornar un producte?\"}},{\"type\":\"accordion_item\",\"props\":{\"content\":\"\n\n<p>Una vegada rebuda la pe\\u00e7a que es vol canviar a les instal\\u00b7lacions de Lancorett, procedirem a examinar el seu estat. Quan es confirmi que el producte no ha sigut usat, efectuarem el nou enviament de manera immediata (sempre que el producte estigui en estoc).<\\\/p>\\n\n\n<p>S'efectuar\\u00e0 l'enviament del nou producte en un termini m\\u00e0xim de catorze (14) dies un cop comprovat el correcte estat de la pe\\u00e7a antiga i rebut l'abonament dels costos associats de l'enviament, en cas necessari.<\\\/p>\",\"title\":\"Quan rebr\\u00e9 el reemborsament de la meva devoluci\\u00f3?\"}}],\"props\":{\"collapsible\":false,\"content_column_breakpoint\":\"m\",\"image_align\":\"top\",\"image_grid_breakpoint\":\"m\",\"image_grid_width\":\"1-2\",\"image_svg_color\":\"emphasis\",\"link_style\":\"default\",\"link_text\":\"Read more\",\"multiple\":false,\"show_image\":true,\"show_link\":true,\"title_element\":\"h3\"}}]}]}],\"name\":\"Devolucions\"}],\"version\":\"4.4.12\"} --><\/p>\n","protected":false},"excerpt":{"rendered":"<p>Canvis i devolucions Canvis Quan puc fer un canvi? \u2014 El producte no compleix amb les expectatives esperades i el desitja canviar per un altre model.\u2014 La talla del producte no es correspon amb la seva talla real (Per evitar problemes amb la talla de la pe\u00e7a, si us plau, consulta la guia de talles [&hellip;]<\/p>\n","protected":false},"author":1,"featured_media":0,"parent":0,"menu_order":0,"comment_status":"closed","ping_status":"closed","template":"","meta":{"footnotes":""},"class_list":["post-17166","page","type-page","status-publish","hentry"],"_links":{"self":[{"href":"https:\/\/lancorett.com\/ca\/wp-json\/wp\/v2\/pages\/17166","targetHints":{"allow":["GET"]}}],"collection":[{"href":"https:\/\/lancorett.com\/ca\/wp-json\/wp\/v2\/pages"}],"about":[{"href":"https:\/\/lancorett.com\/ca\/wp-json\/wp\/v2\/types\/page"}],"author":[{"embeddable":true,"href":"https:\/\/lancorett.com\/ca\/wp-json\/wp\/v2\/users\/1"}],"replies":[{"embeddable":true,"href":"https:\/\/lancorett.com\/ca\/wp-json\/wp\/v2\/comments?post=17166"}],"version-history":[{"count":0,"href":"https:\/\/lancorett.com\/ca\/wp-json\/wp\/v2\/pages\/17166\/revisions"}],"wp:attachment":[{"href":"https:\/\/lancorett.com\/ca\/wp-json\/wp\/v2\/media?parent=17166"}],"curies":[{"name":"wp","href":"https:\/\/api.w.org\/{rel}","templated":true}]}}