{"id":16914,"date":"2024-05-23T18:13:57","date_gmt":"2024-05-23T16:13:57","guid":{"rendered":"https:\/?page_id=16914"},"modified":"2024-11-18T17:09:01","modified_gmt":"2024-11-18T16:09:01","slug":"avis-legal","status":"publish","type":"page","link":"https:\/\/lancorett.com\/ca\/avis-legal\/","title":{"rendered":"Av\u00eds legal"},"content":{"rendered":"<h1>Av\u00eds legal<\/h1>\n<div>\n<p>El present document regula l&#8217;acc\u00e9s i utilitzaci\u00f3 d&#8217;ongoing.es (d&#8217;ara endavant la Plataforma) que el prestador del servei <strong>NOSTRUM SEAFOOD, SL <\/strong>posa a disposici\u00f3 dels navegants del lloc web (d&#8217;ara endavant l&#8217;usuari o usuaris). L&#8217;acc\u00e9s al lloc web implica l&#8217;acceptaci\u00f3 sense reserves del present document.<\/p>\n<p><strong>Informaci\u00f3 general:<br \/><\/strong>En compliment de l&#8217;establert en l&#8217;<em>article 10 de la Llei 34\/2002, d&#8217;11 de juliol, de Serveis de la Societat de la Informaci\u00f3 i Comer\u00e7 Electr\u00f2nic<\/em>, s&#8217;exposen les seg\u00fcents dades identificatives del titular d&#8217;aquest lloc web:<\/p>\n<p>Denominaci\u00f3 social: <strong>NOSTRUM SEAFOOD, SL<\/strong><br \/>Domicili social: Carrer Ram\u00f3n y Cajal 26, 1r-1a; 08440, Cardedeu (Barcelona).<br \/>Dades d&#8217;inscripci\u00f3 al Registre Mercantil: Registre Mercantil de Barcelona, Tom 4461, Foli 15, Fulla 462752, Inscripci\u00f3 1a.<br \/>N\u00famero d&#8217;Identificaci\u00f3 Fiscal (NIF): B63888622.<br \/>Tel\u00e8fon de contacte: <a href=\"tel:+34938712028\">+34 93 871 20 28 <\/a>\/ E-mail: <a href=\"mailto:info@\">info@<\/a><\/p>\n<p><strong>Pol\u00edtica de Privadesa:<\/strong><br \/>Als efectes del que disposa la Llei Org\u00e0nica 15\/1999 de 13 de desembre de Protecci\u00f3 de Dades de Car\u00e0cter Personal, les dades personals que ens faciliti a trav\u00e9s de correu electr\u00f2nic o en els diferents apartats d&#8217;aquest lloc web, estan protegits sota la Llei Org\u00e0nica de Protecci\u00f3 de Dades de car\u00e0cter personal 15\/1999 (LOPD) i una altra normativa de Protecci\u00f3 de Dades relacionada. En el seu compliment, les dades personals que es tract\u00e9s en la Plataforma estan declarats en un fitxer de titularitat privada davant l&#8217;Ag\u00e8ncia Espanyola de Protecci\u00f3 de Dades, amb la finalitat de respondre a les consultes, gestionar els nostres serveis o enviar informaci\u00f3 sobre els nostres serveis i promocions sempre que l&#8217;usuari no s&#8217;hagi oposat a dita utilitzaci\u00f3.<\/p>\n<p>El responsable dels fitxers \u00e9s <strong>NOSTRUM SEAFOOD, SL<\/strong> amb domicili al Carrer Ram\u00f3n y Cajal, 26, 1r-1a; 08440 &#8211; Cardedeu (Barcelona). En aquesta mateixa direcci\u00f3, o b\u00e9 enviant un correu electr\u00f2nic a: <a href=\"mailto:info@\">info@<\/a> els usuaris podran exercir els drets d&#8217;acc\u00e9s, rectificaci\u00f3, cancel\u00b7laci\u00f3 i oposici\u00f3 de les dades, enviant una sol\u00b7licitud escrita i firmada incloent: nom, cognoms, fotoc\u00f2pia del DNI, actuaci\u00f3 que sol\u00b7licita i domicili a fi de remetre-li la confirmaci\u00f3 de la seva actuaci\u00f3 conforme a la seva sol\u00b7licitud.<\/p>\n<p>En tot cas, <strong>NOSTRUM SEAFOOD, SL<\/strong> garanteix la salvaguarda de la confidencialitat i seguretat de les dades Personals, havent adoptat les mesures legalment exigides de seguretat, que permeten raonablement assegurar la protecci\u00f3 de les seves dades personals i evitar la p\u00e8rdua, mal \u00fas, alteraci\u00f3, tractament o acc\u00e9s no autoritzat d&#8217;aquests.<\/p>\n<\/div>\n<p><!--more--><br \/>\n<!-- {\"type\":\"layout\",\"children\":[{\"type\":\"section\",\"props\":{\"image_position\":\"center-center\",\"padding\":\"small\",\"style\":\"default\",\"title_breakpoint\":\"xl\",\"title_position\":\"top-left\",\"title_rotation\":\"left\",\"vertical_align\":\"\",\"width\":\"default\"},\"children\":[{\"type\":\"row\",\"children\":[{\"type\":\"column\",\"props\":{\"image_position\":\"center-center\",\"position_sticky_breakpoint\":\"m\"},\"children\":[{\"type\":\"headline\",\"props\":{\"content\":\"Av\\u00eds legal\",\"text_align\":\"center\",\"title_element\":\"h1\",\"title_style\":\"h2\"}},{\"type\":\"text\",\"props\":{\"column_breakpoint\":\"m\",\"content\":\"\n\n<p>El present document regula l'acc\\u00e9s i utilitzaci\\u00f3 d'ongoing.es (d'ara endavant la Plataforma) que el prestador del servei <strong>NOSTRUM SEAFOOD, SL <\\\/strong>posa a disposici\\u00f3 dels navegants del lloc web (d'ara endavant l'usuari o usuaris). L'acc\\u00e9s al lloc web implica l'acceptaci\\u00f3 sense reserves del present document.<\\\/p>\\n\n\n<p><strong>Informaci\\u00f3 general:<br \\\/><\\\/strong>En compliment de l'establert en l'<em>article 10 de la Llei 34\\\/2002, d'11 de juliol, de Serveis de la Societat de la Informaci\\u00f3 i Comer\\u00e7 Electr\\u00f2nic<\\\/em>, s'exposen les seg\\u00fcents dades identificatives del titular d'aquest lloc web:<\\\/p>\\n\n\n<p>Denominaci\\u00f3 social: <strong>NOSTRUM SEAFOOD, SL<\\\/strong><br \\\/>Domicili social: Carrer Ram\\u00f3n y Cajal 26, 1r-1a; 08440, Cardedeu (Barcelona).<br \\\/>Dades d'inscripci\\u00f3 al Registre Mercantil: Registre Mercantil de Barcelona, Tom 4461, Foli 15, Fulla 462752, Inscripci\\u00f3 1a.<br \\\/>N\\u00famero d'Identificaci\\u00f3 Fiscal (NIF): B63888622.<br \\\/>Tel\\u00e8fon de contacte: <a href=\\\"tel:+34938712028\\\">+34 93 871 20 28 <\\\/a>\\\/ E-mail: <a href=\\\"mailto:info@\\\">info@<\\\/a><\\\/p>\\n\n\n<p><strong>Pol\\u00edtica de Privadesa:<\\\/strong><br \\\/>Als efectes del que disposa la Llei Org\\u00e0nica 15\\\/1999 de 13 de desembre de Protecci\\u00f3 de Dades de Car\\u00e0cter Personal, les dades personals que ens faciliti a trav\\u00e9s de correu electr\\u00f2nic o en els diferents apartats d'aquest lloc web, estan protegits sota la Llei Org\\u00e0nica de Protecci\\u00f3 de Dades de car\\u00e0cter personal 15\\\/1999 (LOPD) i una altra normativa de Protecci\\u00f3 de Dades relacionada. En el seu compliment, les dades personals que es tract\\u00e9s en la Plataforma estan declarats en un fitxer de titularitat privada davant l'Ag\\u00e8ncia Espanyola de Protecci\\u00f3 de Dades, amb la finalitat de respondre a les consultes, gestionar els nostres serveis o enviar informaci\\u00f3 sobre els nostres serveis i promocions sempre que l'usuari no s'hagi oposat a dita utilitzaci\\u00f3.<\\\/p>\\n\n\n<p>El responsable dels fitxers \\u00e9s <strong>NOSTRUM SEAFOOD, SL<\\\/strong> amb domicili al Carrer Ram\\u00f3n y Cajal, 26, 1r-1a; 08440 - Cardedeu (Barcelona). En aquesta mateixa direcci\\u00f3, o b\\u00e9 enviant un correu electr\\u00f2nic a: <a href=\\\"mailto:info@\\\">info@<\\\/a> els usuaris podran exercir els drets d'acc\\u00e9s, rectificaci\\u00f3, cancel\\u00b7laci\\u00f3 i oposici\\u00f3 de les dades, enviant una sol\\u00b7licitud escrita i firmada incloent: nom, cognoms, fotoc\\u00f2pia del DNI, actuaci\\u00f3 que sol\\u00b7licita i domicili a fi de remetre-li la confirmaci\\u00f3 de la seva actuaci\\u00f3 conforme a la seva sol\\u00b7licitud.<\\\/p>\\n\n\n<p>En tot cas, <strong>NOSTRUM SEAFOOD, SL<\\\/strong> garanteix la salvaguarda de la confidencialitat i seguretat de les dades Personals, havent adoptat les mesures legalment exigides de seguretat, que permeten raonablement assegurar la protecci\\u00f3 de les seves dades personals i evitar la p\\u00e8rdua, mal \\u00fas, alteraci\\u00f3, tractament o acc\\u00e9s no autoritzat d'aquests.<\\\/p>\",\"margin\":\"default\",\"text_color\":\"success\"}}]}]}],\"name\":\"Contingut\"}],\"version\":\"4.4.12\"} --><\/p>\n","protected":false},"excerpt":{"rendered":"<p>Av\u00eds legal El present document regula l&#8217;acc\u00e9s i utilitzaci\u00f3 d&#8217;ongoing.es (d&#8217;ara endavant la Plataforma) que el prestador del servei NOSTRUM SEAFOOD, SL posa a disposici\u00f3 dels navegants del lloc web (d&#8217;ara endavant l&#8217;usuari o usuaris). L&#8217;acc\u00e9s al lloc web implica l&#8217;acceptaci\u00f3 sense reserves del present document. Informaci\u00f3 general:En compliment de l&#8217;establert en l&#8217;article 10 de [&hellip;]<\/p>\n","protected":false},"author":1,"featured_media":0,"parent":0,"menu_order":0,"comment_status":"closed","ping_status":"closed","template":"","meta":{"footnotes":""},"class_list":["post-16914","page","type-page","status-publish","hentry"],"_links":{"self":[{"href":"https:\/\/lancorett.com\/ca\/wp-json\/wp\/v2\/pages\/16914","targetHints":{"allow":["GET"]}}],"collection":[{"href":"https:\/\/lancorett.com\/ca\/wp-json\/wp\/v2\/pages"}],"about":[{"href":"https:\/\/lancorett.com\/ca\/wp-json\/wp\/v2\/types\/page"}],"author":[{"embeddable":true,"href":"https:\/\/lancorett.com\/ca\/wp-json\/wp\/v2\/users\/1"}],"replies":[{"embeddable":true,"href":"https:\/\/lancorett.com\/ca\/wp-json\/wp\/v2\/comments?post=16914"}],"version-history":[{"count":0,"href":"https:\/\/lancorett.com\/ca\/wp-json\/wp\/v2\/pages\/16914\/revisions"}],"wp:attachment":[{"href":"https:\/\/lancorett.com\/ca\/wp-json\/wp\/v2\/media?parent=16914"}],"curies":[{"name":"wp","href":"https:\/\/api.w.org\/{rel}","templated":true}]}}